{"id":1160,"date":"2016-11-23T10:16:45","date_gmt":"2016-11-23T10:16:45","guid":{"rendered":"http:\/\/www.eslingasyembalajes.com\/en\/product\/cinta-amarre-35mm-3000kg\/"},"modified":"2019-02-28T15:11:12","modified_gmt":"2019-02-28T15:11:12","slug":"cinta-amarre-35mm-3000kg","status":"publish","type":"product","link":"https:\/\/www.eslingasyembalajes.com\/en\/product\/cinta-amarre-35mm-3000kg\/","title":{"rendered":"SISTEMA DE AMARRE  35mm 3000Kg  (SA356m3T)"},"content":{"rendered":"<p>Sistema de amarre completo compuesto de dos partes: por lado un tensor con una cinta de 0,50m de largo unida a un gancho doble y por otro lado una cinta de 5,50m unida a un gancho doble en uno de sus extremos.<\/p>\n<p>La cinta est\u00e1 fabricada en poli\u00e9ster de alta tenacidad de color naranja, hace 35mm de ancho y tiene una fuerza de rotura de 4.500Kg.<\/p>\n<p>El montaje completo resiste una fuerza m\u00e1xima de 3.000Kg.<\/p>\n<p>El trinquete es de hierro de gran resistencia.<\/p>\n<p>Este sistema es la forma perfecta de sujetar cargas de forma sencilla y segura para uso profesional y\/o personal. Permite tensar la cinta f\u00e1cilmente mediante el tensor hasta que la carga est\u00e1 sujeta.<\/p>\n<p>Puede ser usada en m\u00faltiples ocasiones.<\/p>\n<p>Este sistema puedes ser solicitado sin los ganchos.<\/p>\n<table width=\"566\">\n<tbody>\n<tr>\n<td colspan=\"2\" width=\"152\">ANCHO:<\/td>\n<td colspan=\"2\" width=\"185\">35mm<\/td>\n<\/tr>\n<tr>\n<td colspan=\"2\">LONGITUD PARTE TENSOR:<\/td>\n<td colspan=\"2\">0,50 m<\/td>\n<\/tr>\n<tr>\n<td>LONGITUD CINTA GANCHO:<\/td>\n<td><\/td>\n<td colspan=\"2\">5,50m<\/td>\n<\/tr>\n<tr>\n<td colspan=\"2\">TIPO DE GANCHO:<\/td>\n<td colspan=\"2\">doble J<\/td>\n<\/tr>\n<tr>\n<td colspan=\"2\">TRINQUETE:<\/td>\n<td colspan=\"2\">Carraca de hierro de gran resistencia<\/td>\n<\/tr>\n<tr>\n<td colspan=\"2\">MATERIAL CINTA:<\/td>\n<td>Poliester alta tenacidad<\/td>\n<td><\/td>\n<\/tr>\n<tr>\n<td colspan=\"2\">CAPACIDAD CARGA LINEAL:<\/td>\n<td colspan=\"2\">1500 daN<\/td>\n<\/tr>\n<tr>\n<td colspan=\"2\">CAPACIDAD CARGA TRABAJO:<\/td>\n<td colspan=\"2\">3000 daN<\/td>\n<\/tr>\n<tr>\n<td><\/td>\n<td><\/td>\n<td><\/td>\n<td><\/td>\n<\/tr>\n<\/tbody>\n<\/table>\n","protected":false},"excerpt":{"rendered":"<p>Sistema de amarre completo compuesto de dos partes: por lado un tensor con una cinta de 0,50m de largo unida a un gancho doble y por otro lado una cinta de 5,50m unida a un gancho doble en uno de sus extremos. La cinta est\u00e1 fabricada en poli\u00e9ster de alta tenacidad de color naranja, hace [&hellip;]<\/p>\n","protected":false},"featured_media":1637,"comment_status":"open","ping_status":"closed","template":"","meta":[],"class_list":["post-1160","product","type-product","status-publish","has-post-thumbnail","hentry","product_cat-slashing-systems","product_tag-amarrar","product_tag-cargas","product_tag-cargas-pesadas","product_tag-cinta","product_tag-fuertes","product_tag-hebillas","product_tag-hierro","product_tag-pesadas","product_tag-poliester","product_tag-sujetar","product_tag-trincar","product_tag-trinquetes"],"yoast_head":"<!-- This site is optimized with the Yoast SEO plugin v26.1 - https:\/\/yoast.com\/wordpress\/plugins\/seo\/ -->\n<title>SISTEMA DE AMARRE 35mm 3000Kg (SA356m3T) | | - | Eslingas y embalajes<\/title>\n<meta name=\"description\" content=\"Eslingas y Embalajes SL ofrecemos las mejores eslingas textiles de un s\u00f3lo uso para elevaci\u00f3n de cargas al mejor precio, vendemos a toda Espa\u00f1a. SISTEMA DE AMARRE 35mm 3000Kg (SA356m3T)\" \/>\n<meta name=\"robots\" content=\"index, follow, max-snippet:-1, max-image-preview:large, max-video-preview:-1\" \/>\n<link rel=\"canonical\" href=\"https:\/\/www.eslingasyembalajes.com\/product\/cinta-amarre-35mm-3000kg\/\" \/>\n<meta property=\"og:locale\" content=\"en_US\" \/>\n<meta property=\"og:type\" content=\"article\" \/>\n<meta property=\"og:title\" content=\"SISTEMA DE AMARRE 35mm 3000Kg (SA356m3T) | | - | Eslingas y embalajes\" \/>\n<meta property=\"og:description\" content=\"Eslingas y Embalajes SL ofrecemos las mejores eslingas textiles de un s\u00f3lo uso para elevaci\u00f3n de cargas al mejor precio, vendemos a toda Espa\u00f1a. SISTEMA DE AMARRE 35mm 3000Kg (SA356m3T)\" \/>\n<meta property=\"og:url\" content=\"https:\/\/www.eslingasyembalajes.com\/product\/cinta-amarre-35mm-3000kg\/\" \/>\n<meta property=\"og:site_name\" content=\"Eslingas y embalajes\" \/>\n<meta property=\"article:modified_time\" content=\"2019-02-28T15:11:12+00:00\" \/>\n<meta property=\"og:image\" content=\"https:\/\/www.eslingasyembalajes.com\/wp-content\/uploads\/2016\/11\/CA35300TRINQUETE.jpg\" \/>\n\t<meta property=\"og:image:width\" content=\"800\" \/>\n\t<meta property=\"og:image:height\" content=\"800\" \/>\n\t<meta property=\"og:image:type\" content=\"image\/jpeg\" \/>\n<meta name=\"twitter:card\" content=\"summary_large_image\" \/>\n<meta name=\"twitter:label1\" content=\"Est. reading time\" \/>\n\t<meta name=\"twitter:data1\" content=\"1 minute\" \/>\n<script type=\"application\/ld+json\" class=\"yoast-schema-graph\">{\"@context\":\"https:\/\/schema.org\",\"@graph\":[{\"@type\":\"WebPage\",\"@id\":\"https:\/\/www.eslingasyembalajes.com\/product\/cinta-amarre-35mm-3000kg\/\",\"url\":\"https:\/\/www.eslingasyembalajes.com\/product\/cinta-amarre-35mm-3000kg\/\",\"name\":\"SISTEMA DE AMARRE 35mm 3000Kg (SA356m3T) | | - | Eslingas y embalajes\",\"isPartOf\":{\"@id\":\"https:\/\/www.eslingasyembalajes.com\/#website\"},\"primaryImageOfPage\":{\"@id\":\"https:\/\/www.eslingasyembalajes.com\/product\/cinta-amarre-35mm-3000kg\/#primaryimage\"},\"image\":{\"@id\":\"https:\/\/www.eslingasyembalajes.com\/product\/cinta-amarre-35mm-3000kg\/#primaryimage\"},\"thumbnailUrl\":\"https:\/\/www.eslingasyembalajes.com\/wp-content\/uploads\/2016\/11\/CA35300TRINQUETE.jpg\",\"datePublished\":\"2016-11-23T10:16:45+00:00\",\"dateModified\":\"2019-02-28T15:11:12+00:00\",\"description\":\"Eslingas y Embalajes SL ofrecemos las mejores eslingas textiles de un s\u00f3lo uso para elevaci\u00f3n de cargas al mejor precio, vendemos a toda Espa\u00f1a. SISTEMA DE AMARRE 35mm 3000Kg (SA356m3T)\",\"breadcrumb\":{\"@id\":\"https:\/\/www.eslingasyembalajes.com\/product\/cinta-amarre-35mm-3000kg\/#breadcrumb\"},\"inLanguage\":\"en-US\",\"potentialAction\":[{\"@type\":\"ReadAction\",\"target\":[\"https:\/\/www.eslingasyembalajes.com\/product\/cinta-amarre-35mm-3000kg\/\"]}]},{\"@type\":\"ImageObject\",\"inLanguage\":\"en-US\",\"@id\":\"https:\/\/www.eslingasyembalajes.com\/product\/cinta-amarre-35mm-3000kg\/#primaryimage\",\"url\":\"https:\/\/www.eslingasyembalajes.com\/wp-content\/uploads\/2016\/11\/CA35300TRINQUETE.jpg\",\"contentUrl\":\"https:\/\/www.eslingasyembalajes.com\/wp-content\/uploads\/2016\/11\/CA35300TRINQUETE.jpg\",\"width\":800,\"height\":800},{\"@type\":\"BreadcrumbList\",\"@id\":\"https:\/\/www.eslingasyembalajes.com\/product\/cinta-amarre-35mm-3000kg\/#breadcrumb\",\"itemListElement\":[{\"@type\":\"ListItem\",\"position\":1,\"name\":\"Portada\",\"item\":\"https:\/\/www.eslingasyembalajes.com\/\"},{\"@type\":\"ListItem\",\"position\":2,\"name\":\"Tienda\",\"item\":\"https:\/\/www.eslingasyembalajes.com\/?page_id=218\"},{\"@type\":\"ListItem\",\"position\":3,\"name\":\"SISTEMA DE AMARRE 35mm 3000Kg (SA356m3T)\"}]},{\"@type\":\"WebSite\",\"@id\":\"https:\/\/www.eslingasyembalajes.com\/#website\",\"url\":\"https:\/\/www.eslingasyembalajes.com\/\",\"name\":\"Eslingas y embalajes\",\"description\":\"\",\"potentialAction\":[{\"@type\":\"SearchAction\",\"target\":{\"@type\":\"EntryPoint\",\"urlTemplate\":\"https:\/\/www.eslingasyembalajes.com\/?s={search_term_string}\"},\"query-input\":{\"@type\":\"PropertyValueSpecification\",\"valueRequired\":true,\"valueName\":\"search_term_string\"}}],\"inLanguage\":\"en-US\"}]}<\/script>\n<!-- \/ Yoast SEO plugin. -->","yoast_head_json":{"title":"SISTEMA DE AMARRE 35mm 3000Kg (SA356m3T) | | - | Eslingas y embalajes","description":"Eslingas y Embalajes SL ofrecemos las mejores eslingas textiles de un s\u00f3lo uso para elevaci\u00f3n de cargas al mejor precio, vendemos a toda Espa\u00f1a. SISTEMA DE AMARRE 35mm 3000Kg (SA356m3T)","robots":{"index":"index","follow":"follow","max-snippet":"max-snippet:-1","max-image-preview":"max-image-preview:large","max-video-preview":"max-video-preview:-1"},"canonical":"https:\/\/www.eslingasyembalajes.com\/product\/cinta-amarre-35mm-3000kg\/","og_locale":"en_US","og_type":"article","og_title":"SISTEMA DE AMARRE 35mm 3000Kg (SA356m3T) | | - | Eslingas y embalajes","og_description":"Eslingas y Embalajes SL ofrecemos las mejores eslingas textiles de un s\u00f3lo uso para elevaci\u00f3n de cargas al mejor precio, vendemos a toda Espa\u00f1a. SISTEMA DE AMARRE 35mm 3000Kg (SA356m3T)","og_url":"https:\/\/www.eslingasyembalajes.com\/product\/cinta-amarre-35mm-3000kg\/","og_site_name":"Eslingas y embalajes","article_modified_time":"2019-02-28T15:11:12+00:00","og_image":[{"width":800,"height":800,"url":"https:\/\/www.eslingasyembalajes.com\/wp-content\/uploads\/2016\/11\/CA35300TRINQUETE.jpg","type":"image\/jpeg"}],"twitter_card":"summary_large_image","twitter_misc":{"Est. reading time":"1 minute"},"schema":{"@context":"https:\/\/schema.org","@graph":[{"@type":"WebPage","@id":"https:\/\/www.eslingasyembalajes.com\/product\/cinta-amarre-35mm-3000kg\/","url":"https:\/\/www.eslingasyembalajes.com\/product\/cinta-amarre-35mm-3000kg\/","name":"SISTEMA DE AMARRE 35mm 3000Kg (SA356m3T) | | - | Eslingas y embalajes","isPartOf":{"@id":"https:\/\/www.eslingasyembalajes.com\/#website"},"primaryImageOfPage":{"@id":"https:\/\/www.eslingasyembalajes.com\/product\/cinta-amarre-35mm-3000kg\/#primaryimage"},"image":{"@id":"https:\/\/www.eslingasyembalajes.com\/product\/cinta-amarre-35mm-3000kg\/#primaryimage"},"thumbnailUrl":"https:\/\/www.eslingasyembalajes.com\/wp-content\/uploads\/2016\/11\/CA35300TRINQUETE.jpg","datePublished":"2016-11-23T10:16:45+00:00","dateModified":"2019-02-28T15:11:12+00:00","description":"Eslingas y Embalajes SL ofrecemos las mejores eslingas textiles de un s\u00f3lo uso para elevaci\u00f3n de cargas al mejor precio, vendemos a toda Espa\u00f1a. SISTEMA DE AMARRE 35mm 3000Kg (SA356m3T)","breadcrumb":{"@id":"https:\/\/www.eslingasyembalajes.com\/product\/cinta-amarre-35mm-3000kg\/#breadcrumb"},"inLanguage":"en-US","potentialAction":[{"@type":"ReadAction","target":["https:\/\/www.eslingasyembalajes.com\/product\/cinta-amarre-35mm-3000kg\/"]}]},{"@type":"ImageObject","inLanguage":"en-US","@id":"https:\/\/www.eslingasyembalajes.com\/product\/cinta-amarre-35mm-3000kg\/#primaryimage","url":"https:\/\/www.eslingasyembalajes.com\/wp-content\/uploads\/2016\/11\/CA35300TRINQUETE.jpg","contentUrl":"https:\/\/www.eslingasyembalajes.com\/wp-content\/uploads\/2016\/11\/CA35300TRINQUETE.jpg","width":800,"height":800},{"@type":"BreadcrumbList","@id":"https:\/\/www.eslingasyembalajes.com\/product\/cinta-amarre-35mm-3000kg\/#breadcrumb","itemListElement":[{"@type":"ListItem","position":1,"name":"Portada","item":"https:\/\/www.eslingasyembalajes.com\/"},{"@type":"ListItem","position":2,"name":"Tienda","item":"https:\/\/www.eslingasyembalajes.com\/?page_id=218"},{"@type":"ListItem","position":3,"name":"SISTEMA DE AMARRE 35mm 3000Kg (SA356m3T)"}]},{"@type":"WebSite","@id":"https:\/\/www.eslingasyembalajes.com\/#website","url":"https:\/\/www.eslingasyembalajes.com\/","name":"Eslingas y embalajes","description":"","potentialAction":[{"@type":"SearchAction","target":{"@type":"EntryPoint","urlTemplate":"https:\/\/www.eslingasyembalajes.com\/?s={search_term_string}"},"query-input":{"@type":"PropertyValueSpecification","valueRequired":true,"valueName":"search_term_string"}}],"inLanguage":"en-US"}]}},"_links":{"self":[{"href":"https:\/\/www.eslingasyembalajes.com\/en\/wp-json\/wp\/v2\/product\/1160","targetHints":{"allow":["GET"]}}],"collection":[{"href":"https:\/\/www.eslingasyembalajes.com\/en\/wp-json\/wp\/v2\/product"}],"about":[{"href":"https:\/\/www.eslingasyembalajes.com\/en\/wp-json\/wp\/v2\/types\/product"}],"replies":[{"embeddable":true,"href":"https:\/\/www.eslingasyembalajes.com\/en\/wp-json\/wp\/v2\/comments?post=1160"}],"wp:featuredmedia":[{"embeddable":true,"href":"https:\/\/www.eslingasyembalajes.com\/en\/wp-json\/wp\/v2\/media\/1637"}],"wp:attachment":[{"href":"https:\/\/www.eslingasyembalajes.com\/en\/wp-json\/wp\/v2\/media?parent=1160"}],"curies":[{"name":"wp","href":"https:\/\/api.w.org\/{rel}","templated":true}]}}