{"id":1150,"date":"2016-12-12T14:41:06","date_gmt":"2016-12-12T14:41:06","guid":{"rendered":"http:\/\/www.eslingasyembalajes.com\/en\/product\/sistema-amarre-50mm-5-000kg-dos-ganchos\/"},"modified":"2019-02-28T15:09:55","modified_gmt":"2019-02-28T15:09:55","slug":"sistema-amarre-50mm-5-000kg-dos-ganchos","status":"publish","type":"product","link":"https:\/\/www.eslingasyembalajes.com\/en\/product\/sistema-amarre-50mm-5-000kg-dos-ganchos\/","title":{"rendered":"SISTEMA DE ARRASTRE 50mm &#8211; 5.000KG con dos ganchos (SA506m2G)"},"content":{"rendered":"<p>Sistema de amarre compuesto por una cinta de 6m y dos ganchos pasador de gran resistencia en los extremos.<\/p>\n<p>La cinta est\u00e1 fabricada en poli\u00e9ster de alta tenacidad de color naranja, hace 50mm de ancho y tiene una fuerza de rotura de 7.500Kg.<\/p>\n<p>El montaje completo resiste una fuerza m\u00e1xima de 5.000Kg.<\/p>\n<p>Usada para remolcar y arrastrar coches.<\/p>\n<table width=\"612\">\n<tbody>\n<tr>\n<td colspan=\"2\">ANCHO:<\/td>\n<td colspan=\"2\">50 mm<\/td>\n<\/tr>\n<tr>\n<td>LONGITUD CINTA:<\/td>\n<td><\/td>\n<td colspan=\"2\">6 m<\/td>\n<\/tr>\n<tr>\n<td colspan=\"2\">TIPO DE GANCHO:<\/td>\n<td colspan=\"2\">dos ganchos pasador en los extremos<\/td>\n<\/tr>\n<tr>\n<td colspan=\"2\">MATERIAL CINTA:<\/td>\n<td>Poliester alta tenacidad<\/td>\n<td><\/td>\n<\/tr>\n<tr>\n<td colspan=\"2\">CAPACIDAD CARGA LINEAL:<\/td>\n<td colspan=\"2\">2500 daN<\/td>\n<\/tr>\n<tr>\n<td colspan=\"2\">CAPACIDAD CARGA TRABAJO:<\/td>\n<td colspan=\"2\">5000 daN<\/td>\n<\/tr>\n<tr>\n<td colspan=\"2\">PUNTO DE ROTURA DE LA CINTA:<\/td>\n<td colspan=\"2\">7500 Kg<\/td>\n<\/tr>\n<\/tbody>\n<\/table>\n","protected":false},"excerpt":{"rendered":"<p>Sistema de amarre compuesto por una cinta de 6m y dos ganchos pasador de gran resistencia en los extremos. La cinta est\u00e1 fabricada en poli\u00e9ster de alta tenacidad de color naranja, hace 50mm de ancho y tiene una fuerza de rotura de 7.500Kg. El montaje completo resiste una fuerza m\u00e1xima de 5.000Kg. Usada para remolcar [&hellip;]<\/p>\n","protected":false},"featured_media":1643,"comment_status":"open","ping_status":"closed","template":"","meta":[],"class_list":["post-1150","product","type-product","status-publish","has-post-thumbnail","hentry","product_cat-slashing-systems","product_tag-amarrar","product_tag-cargas","product_tag-cargas-pesadas","product_tag-cinta","product_tag-coches","product_tag-estirar","product_tag-fuertes","product_tag-ganchos","product_tag-hebillas","product_tag-hierro","product_tag-pesadas","product_tag-poliester","product_tag-remolcar","product_tag-sujetar","product_tag-tirar","product_tag-trincar","product_tag-trinquetes"],"yoast_head":"<!-- This site is optimized with the Yoast SEO plugin v26.1 - https:\/\/yoast.com\/wordpress\/plugins\/seo\/ -->\n<title>Sistema de Arrastre 50mm | Eslingas<\/title>\n<meta name=\"description\" content=\"Eslingas y Embalajes SL ofrecemos las mejores eslingas textiles de un s\u00f3lo uso para elevaci\u00f3n de cargas al mejor precio, vendemos a toda Espa\u00f1a. SISTEMA DE ARRASTRE 50mm - 5.000KG con dos ganchos (SA506m2G)\" \/>\n<meta name=\"robots\" content=\"index, follow, max-snippet:-1, max-image-preview:large, max-video-preview:-1\" \/>\n<link rel=\"canonical\" href=\"https:\/\/www.eslingasyembalajes.com\/product\/sistema-amarre-50mm-5-000kg-dos-ganchos\/\" \/>\n<meta property=\"og:locale\" content=\"en_US\" \/>\n<meta property=\"og:type\" content=\"article\" \/>\n<meta property=\"og:title\" content=\"Sistema de Arrastre 50mm | Eslingas\" \/>\n<meta property=\"og:description\" content=\"Eslingas y Embalajes SL ofrecemos las mejores eslingas textiles de un s\u00f3lo uso para elevaci\u00f3n de cargas al mejor precio, vendemos a toda Espa\u00f1a. SISTEMA DE ARRASTRE 50mm - 5.000KG con dos ganchos (SA506m2G)\" \/>\n<meta property=\"og:url\" content=\"https:\/\/www.eslingasyembalajes.com\/product\/sistema-amarre-50mm-5-000kg-dos-ganchos\/\" \/>\n<meta property=\"og:site_name\" content=\"Eslingas y embalajes\" \/>\n<meta property=\"article:modified_time\" content=\"2019-02-28T15:09:55+00:00\" \/>\n<meta property=\"og:image\" content=\"https:\/\/www.eslingasyembalajes.com\/wp-content\/uploads\/2016\/12\/8.jpg\" \/>\n\t<meta property=\"og:image:width\" content=\"800\" \/>\n\t<meta property=\"og:image:height\" content=\"800\" \/>\n\t<meta property=\"og:image:type\" content=\"image\/jpeg\" \/>\n<meta name=\"twitter:card\" content=\"summary_large_image\" \/>\n<script type=\"application\/ld+json\" class=\"yoast-schema-graph\">{\"@context\":\"https:\/\/schema.org\",\"@graph\":[{\"@type\":\"WebPage\",\"@id\":\"https:\/\/www.eslingasyembalajes.com\/product\/sistema-amarre-50mm-5-000kg-dos-ganchos\/\",\"url\":\"https:\/\/www.eslingasyembalajes.com\/product\/sistema-amarre-50mm-5-000kg-dos-ganchos\/\",\"name\":\"Sistema de Arrastre 50mm | Eslingas\",\"isPartOf\":{\"@id\":\"https:\/\/www.eslingasyembalajes.com\/#website\"},\"primaryImageOfPage\":{\"@id\":\"https:\/\/www.eslingasyembalajes.com\/product\/sistema-amarre-50mm-5-000kg-dos-ganchos\/#primaryimage\"},\"image\":{\"@id\":\"https:\/\/www.eslingasyembalajes.com\/product\/sistema-amarre-50mm-5-000kg-dos-ganchos\/#primaryimage\"},\"thumbnailUrl\":\"https:\/\/www.eslingasyembalajes.com\/wp-content\/uploads\/2016\/12\/8.jpg\",\"datePublished\":\"2016-12-12T14:41:06+00:00\",\"dateModified\":\"2019-02-28T15:09:55+00:00\",\"description\":\"Eslingas y Embalajes SL ofrecemos las mejores eslingas textiles de un s\u00f3lo uso para elevaci\u00f3n de cargas al mejor precio, vendemos a toda Espa\u00f1a. SISTEMA DE ARRASTRE 50mm - 5.000KG con dos ganchos (SA506m2G)\",\"breadcrumb\":{\"@id\":\"https:\/\/www.eslingasyembalajes.com\/product\/sistema-amarre-50mm-5-000kg-dos-ganchos\/#breadcrumb\"},\"inLanguage\":\"en-US\",\"potentialAction\":[{\"@type\":\"ReadAction\",\"target\":[\"https:\/\/www.eslingasyembalajes.com\/product\/sistema-amarre-50mm-5-000kg-dos-ganchos\/\"]}]},{\"@type\":\"ImageObject\",\"inLanguage\":\"en-US\",\"@id\":\"https:\/\/www.eslingasyembalajes.com\/product\/sistema-amarre-50mm-5-000kg-dos-ganchos\/#primaryimage\",\"url\":\"https:\/\/www.eslingasyembalajes.com\/wp-content\/uploads\/2016\/12\/8.jpg\",\"contentUrl\":\"https:\/\/www.eslingasyembalajes.com\/wp-content\/uploads\/2016\/12\/8.jpg\",\"width\":800,\"height\":800},{\"@type\":\"BreadcrumbList\",\"@id\":\"https:\/\/www.eslingasyembalajes.com\/product\/sistema-amarre-50mm-5-000kg-dos-ganchos\/#breadcrumb\",\"itemListElement\":[{\"@type\":\"ListItem\",\"position\":1,\"name\":\"Portada\",\"item\":\"https:\/\/www.eslingasyembalajes.com\/\"},{\"@type\":\"ListItem\",\"position\":2,\"name\":\"Tienda\",\"item\":\"https:\/\/www.eslingasyembalajes.com\/?page_id=218\"},{\"@type\":\"ListItem\",\"position\":3,\"name\":\"SISTEMA DE ARRASTRE 50mm &#8211; 5.000KG con dos ganchos (SA506m2G)\"}]},{\"@type\":\"WebSite\",\"@id\":\"https:\/\/www.eslingasyembalajes.com\/#website\",\"url\":\"https:\/\/www.eslingasyembalajes.com\/\",\"name\":\"Eslingas y embalajes\",\"description\":\"\",\"potentialAction\":[{\"@type\":\"SearchAction\",\"target\":{\"@type\":\"EntryPoint\",\"urlTemplate\":\"https:\/\/www.eslingasyembalajes.com\/?s={search_term_string}\"},\"query-input\":{\"@type\":\"PropertyValueSpecification\",\"valueRequired\":true,\"valueName\":\"search_term_string\"}}],\"inLanguage\":\"en-US\"}]}<\/script>\n<!-- \/ Yoast SEO plugin. -->","yoast_head_json":{"title":"Sistema de Arrastre 50mm | Eslingas","description":"Eslingas y Embalajes SL ofrecemos las mejores eslingas textiles de un s\u00f3lo uso para elevaci\u00f3n de cargas al mejor precio, vendemos a toda Espa\u00f1a. SISTEMA DE ARRASTRE 50mm - 5.000KG con dos ganchos (SA506m2G)","robots":{"index":"index","follow":"follow","max-snippet":"max-snippet:-1","max-image-preview":"max-image-preview:large","max-video-preview":"max-video-preview:-1"},"canonical":"https:\/\/www.eslingasyembalajes.com\/product\/sistema-amarre-50mm-5-000kg-dos-ganchos\/","og_locale":"en_US","og_type":"article","og_title":"Sistema de Arrastre 50mm | Eslingas","og_description":"Eslingas y Embalajes SL ofrecemos las mejores eslingas textiles de un s\u00f3lo uso para elevaci\u00f3n de cargas al mejor precio, vendemos a toda Espa\u00f1a. SISTEMA DE ARRASTRE 50mm - 5.000KG con dos ganchos (SA506m2G)","og_url":"https:\/\/www.eslingasyembalajes.com\/product\/sistema-amarre-50mm-5-000kg-dos-ganchos\/","og_site_name":"Eslingas y embalajes","article_modified_time":"2019-02-28T15:09:55+00:00","og_image":[{"width":800,"height":800,"url":"https:\/\/www.eslingasyembalajes.com\/wp-content\/uploads\/2016\/12\/8.jpg","type":"image\/jpeg"}],"twitter_card":"summary_large_image","schema":{"@context":"https:\/\/schema.org","@graph":[{"@type":"WebPage","@id":"https:\/\/www.eslingasyembalajes.com\/product\/sistema-amarre-50mm-5-000kg-dos-ganchos\/","url":"https:\/\/www.eslingasyembalajes.com\/product\/sistema-amarre-50mm-5-000kg-dos-ganchos\/","name":"Sistema de Arrastre 50mm | Eslingas","isPartOf":{"@id":"https:\/\/www.eslingasyembalajes.com\/#website"},"primaryImageOfPage":{"@id":"https:\/\/www.eslingasyembalajes.com\/product\/sistema-amarre-50mm-5-000kg-dos-ganchos\/#primaryimage"},"image":{"@id":"https:\/\/www.eslingasyembalajes.com\/product\/sistema-amarre-50mm-5-000kg-dos-ganchos\/#primaryimage"},"thumbnailUrl":"https:\/\/www.eslingasyembalajes.com\/wp-content\/uploads\/2016\/12\/8.jpg","datePublished":"2016-12-12T14:41:06+00:00","dateModified":"2019-02-28T15:09:55+00:00","description":"Eslingas y Embalajes SL ofrecemos las mejores eslingas textiles de un s\u00f3lo uso para elevaci\u00f3n de cargas al mejor precio, vendemos a toda Espa\u00f1a. SISTEMA DE ARRASTRE 50mm - 5.000KG con dos ganchos (SA506m2G)","breadcrumb":{"@id":"https:\/\/www.eslingasyembalajes.com\/product\/sistema-amarre-50mm-5-000kg-dos-ganchos\/#breadcrumb"},"inLanguage":"en-US","potentialAction":[{"@type":"ReadAction","target":["https:\/\/www.eslingasyembalajes.com\/product\/sistema-amarre-50mm-5-000kg-dos-ganchos\/"]}]},{"@type":"ImageObject","inLanguage":"en-US","@id":"https:\/\/www.eslingasyembalajes.com\/product\/sistema-amarre-50mm-5-000kg-dos-ganchos\/#primaryimage","url":"https:\/\/www.eslingasyembalajes.com\/wp-content\/uploads\/2016\/12\/8.jpg","contentUrl":"https:\/\/www.eslingasyembalajes.com\/wp-content\/uploads\/2016\/12\/8.jpg","width":800,"height":800},{"@type":"BreadcrumbList","@id":"https:\/\/www.eslingasyembalajes.com\/product\/sistema-amarre-50mm-5-000kg-dos-ganchos\/#breadcrumb","itemListElement":[{"@type":"ListItem","position":1,"name":"Portada","item":"https:\/\/www.eslingasyembalajes.com\/"},{"@type":"ListItem","position":2,"name":"Tienda","item":"https:\/\/www.eslingasyembalajes.com\/?page_id=218"},{"@type":"ListItem","position":3,"name":"SISTEMA DE ARRASTRE 50mm &#8211; 5.000KG con dos ganchos (SA506m2G)"}]},{"@type":"WebSite","@id":"https:\/\/www.eslingasyembalajes.com\/#website","url":"https:\/\/www.eslingasyembalajes.com\/","name":"Eslingas y embalajes","description":"","potentialAction":[{"@type":"SearchAction","target":{"@type":"EntryPoint","urlTemplate":"https:\/\/www.eslingasyembalajes.com\/?s={search_term_string}"},"query-input":{"@type":"PropertyValueSpecification","valueRequired":true,"valueName":"search_term_string"}}],"inLanguage":"en-US"}]}},"_links":{"self":[{"href":"https:\/\/www.eslingasyembalajes.com\/en\/wp-json\/wp\/v2\/product\/1150","targetHints":{"allow":["GET"]}}],"collection":[{"href":"https:\/\/www.eslingasyembalajes.com\/en\/wp-json\/wp\/v2\/product"}],"about":[{"href":"https:\/\/www.eslingasyembalajes.com\/en\/wp-json\/wp\/v2\/types\/product"}],"replies":[{"embeddable":true,"href":"https:\/\/www.eslingasyembalajes.com\/en\/wp-json\/wp\/v2\/comments?post=1150"}],"wp:featuredmedia":[{"embeddable":true,"href":"https:\/\/www.eslingasyembalajes.com\/en\/wp-json\/wp\/v2\/media\/1643"}],"wp:attachment":[{"href":"https:\/\/www.eslingasyembalajes.com\/en\/wp-json\/wp\/v2\/media?parent=1150"}],"curies":[{"name":"wp","href":"https:\/\/api.w.org\/{rel}","templated":true}]}}