{"id":1145,"date":"2016-12-12T15:19:23","date_gmt":"2016-12-12T15:19:23","guid":{"rendered":"http:\/\/www.eslingasyembalajes.com\/en\/product\/sistema-amarre-coches-antideslizante\/"},"modified":"2019-10-22T13:16:21","modified_gmt":"2019-10-22T13:16:21","slug":"sistema-amarre-coches-antideslizante","status":"publish","type":"product","link":"https:\/\/www.eslingasyembalajes.com\/en\/product\/sistema-amarre-coches-antideslizante\/","title":{"rendered":"SISTEMA DE AMARRE PARA COCHES ANTIDESLIZANTE (PORCO505T)"},"content":{"rendered":"<p>Sistema de amarre para coches compuesto por una cinta de 50mm de ancho, tres topes antideslizantes, dos ganchos de sistema J y un trinquete tensor.<\/p>\n<p>Este sistema va destinado especialmente para este uso. Los topes antideslizantes evitan la fricci\u00f3n y el contacto directo y protegen. Los ganchos sirven para sujetar el veh\u00edculo a los anclajes del suelo. La cinta se coloca sobre la rueda trasera y se ajusta con el tensor trinquete.<\/p>\n<p>La cinta est\u00e1 fabricada en poli\u00e9ster de alta tenacidad de color naranja, hace 50mm de ancho, tiene una fuerza de rotura de 7.500Kg y mide 3 metros.<\/p>\n<p>El montaje completo resiste una fuerza m\u00e1xima de 5.000Kg.<\/p>\n<table width=\"388\">\n<tbody>\n<tr>\n<td width=\"65\"><\/td>\n<td colspan=\"3\" width=\"359\"><\/td>\n<\/tr>\n<tr>\n<td colspan=\"2\">ANCHO:<\/td>\n<td colspan=\"2\">50 mm<\/td>\n<\/tr>\n<tr>\n<td>LONGITUD CINTA:<\/td>\n<td><\/td>\n<td colspan=\"2\">3m<\/td>\n<\/tr>\n<tr>\n<td colspan=\"2\">TIPO DE GANCHO:<\/td>\n<td colspan=\"2\">dos ganchos \u00a0 sistema J<\/td>\n<\/tr>\n<tr>\n<td colspan=\"2\">TRINQUETE:<\/td>\n<td>Carraca corta de hierro de gran resistencia<\/td>\n<td><\/td>\n<\/tr>\n<tr>\n<td colspan=\"2\">MATERIAL ADICIONAL:<\/td>\n<td>Tres piezas antideslizantes<\/td>\n<td><\/td>\n<\/tr>\n<tr>\n<td colspan=\"2\">MATERIAL CINTA:<\/td>\n<td>Poliester alta tenacidad<\/td>\n<td><\/td>\n<\/tr>\n<tr>\n<td colspan=\"2\">CAPACIDAD CARGA LINEAL:<\/td>\n<td colspan=\"2\">2500 daN<\/td>\n<\/tr>\n<tr>\n<td colspan=\"2\">CAPACIDAD CARGA TRABAJO:<\/td>\n<td colspan=\"2\">5000 daN<\/td>\n<\/tr>\n<tr>\n<td colspan=\"2\">PUNTO DE ROTURA DE LA CINTA:<\/td>\n<td colspan=\"2\">7500 Kg<\/td>\n<\/tr>\n<\/tbody>\n<\/table>\n<p>&nbsp;<\/p>\n","protected":false},"excerpt":{"rendered":"<p>Sistema de amarre para coches compuesto por una cinta de 50mm de ancho, tres topes antideslizantes, dos ganchos de sistema J y un trinquete tensor. Este sistema va destinado especialmente para este uso. Los topes antideslizantes evitan la fricci\u00f3n y el contacto directo y protegen. Los ganchos sirven para sujetar el veh\u00edculo a los anclajes [&hellip;]<\/p>\n","protected":false},"featured_media":1644,"comment_status":"open","ping_status":"closed","template":"","meta":[],"class_list":["post-1145","product","type-product","status-publish","has-post-thumbnail","hentry","product_cat-slashing-systems","product_tag-amarrar","product_tag-cargas","product_tag-cargas-pesadas","product_tag-carracas","product_tag-cinta","product_tag-dos-ganchos","product_tag-estirar","product_tag-fuertes","product_tag-ganchos-j","product_tag-gruas","product_tag-hebillas","product_tag-hierro","product_tag-pesadas","product_tag-poliester","product_tag-sujeta-coches","product_tag-sujetacoches","product_tag-sujetar","product_tag-transporte","product_tag-trincar","product_tag-trinquetes"],"yoast_head":"<!-- This site is optimized with the Yoast SEO plugin v26.1 - https:\/\/yoast.com\/wordpress\/plugins\/seo\/ -->\n<title>Sistema de Amarre para coches | Eslingas<\/title>\n<meta name=\"description\" content=\"Eslingas y Embalajes SL ofrecemos las mejores eslingas textiles de un s\u00f3lo uso para elevaci\u00f3n de cargas al mejor precio, vendemos a toda Espa\u00f1a. SISTEMA DE AMARRE PARA COCHES ANTIDESLIZANTE (PORCO505T)\" \/>\n<meta name=\"robots\" content=\"index, follow, max-snippet:-1, max-image-preview:large, max-video-preview:-1\" \/>\n<link rel=\"canonical\" href=\"https:\/\/www.eslingasyembalajes.com\/product\/sistema-amarre-coches-antideslizante\/\" \/>\n<meta property=\"og:locale\" content=\"en_US\" \/>\n<meta property=\"og:type\" content=\"article\" \/>\n<meta property=\"og:title\" content=\"Sistema de Amarre para coches | Eslingas\" \/>\n<meta property=\"og:description\" content=\"Eslingas y Embalajes SL ofrecemos las mejores eslingas textiles de un s\u00f3lo uso para elevaci\u00f3n de cargas al mejor precio, vendemos a toda Espa\u00f1a. SISTEMA DE AMARRE PARA COCHES ANTIDESLIZANTE (PORCO505T)\" \/>\n<meta property=\"og:url\" content=\"https:\/\/www.eslingasyembalajes.com\/product\/sistema-amarre-coches-antideslizante\/\" \/>\n<meta property=\"og:site_name\" content=\"Eslingas y embalajes\" \/>\n<meta property=\"article:modified_time\" content=\"2019-10-22T13:16:21+00:00\" \/>\n<meta property=\"og:image\" content=\"https:\/\/www.eslingasyembalajes.com\/wp-content\/uploads\/2016\/12\/5.jpg\" \/>\n\t<meta property=\"og:image:width\" content=\"800\" \/>\n\t<meta property=\"og:image:height\" content=\"800\" \/>\n\t<meta property=\"og:image:type\" content=\"image\/jpeg\" \/>\n<meta name=\"twitter:card\" content=\"summary_large_image\" \/>\n<meta name=\"twitter:label1\" content=\"Est. reading time\" \/>\n\t<meta name=\"twitter:data1\" content=\"1 minute\" \/>\n<script type=\"application\/ld+json\" class=\"yoast-schema-graph\">{\"@context\":\"https:\/\/schema.org\",\"@graph\":[{\"@type\":\"WebPage\",\"@id\":\"https:\/\/www.eslingasyembalajes.com\/product\/sistema-amarre-coches-antideslizante\/\",\"url\":\"https:\/\/www.eslingasyembalajes.com\/product\/sistema-amarre-coches-antideslizante\/\",\"name\":\"Sistema de Amarre para coches | Eslingas\",\"isPartOf\":{\"@id\":\"https:\/\/www.eslingasyembalajes.com\/#website\"},\"primaryImageOfPage\":{\"@id\":\"https:\/\/www.eslingasyembalajes.com\/product\/sistema-amarre-coches-antideslizante\/#primaryimage\"},\"image\":{\"@id\":\"https:\/\/www.eslingasyembalajes.com\/product\/sistema-amarre-coches-antideslizante\/#primaryimage\"},\"thumbnailUrl\":\"https:\/\/www.eslingasyembalajes.com\/wp-content\/uploads\/2016\/12\/5.jpg\",\"datePublished\":\"2016-12-12T15:19:23+00:00\",\"dateModified\":\"2019-10-22T13:16:21+00:00\",\"description\":\"Eslingas y Embalajes SL ofrecemos las mejores eslingas textiles de un s\u00f3lo uso para elevaci\u00f3n de cargas al mejor precio, vendemos a toda Espa\u00f1a. SISTEMA DE AMARRE PARA COCHES ANTIDESLIZANTE (PORCO505T)\",\"breadcrumb\":{\"@id\":\"https:\/\/www.eslingasyembalajes.com\/product\/sistema-amarre-coches-antideslizante\/#breadcrumb\"},\"inLanguage\":\"en-US\",\"potentialAction\":[{\"@type\":\"ReadAction\",\"target\":[\"https:\/\/www.eslingasyembalajes.com\/product\/sistema-amarre-coches-antideslizante\/\"]}]},{\"@type\":\"ImageObject\",\"inLanguage\":\"en-US\",\"@id\":\"https:\/\/www.eslingasyembalajes.com\/product\/sistema-amarre-coches-antideslizante\/#primaryimage\",\"url\":\"https:\/\/www.eslingasyembalajes.com\/wp-content\/uploads\/2016\/12\/5.jpg\",\"contentUrl\":\"https:\/\/www.eslingasyembalajes.com\/wp-content\/uploads\/2016\/12\/5.jpg\",\"width\":800,\"height\":800},{\"@type\":\"BreadcrumbList\",\"@id\":\"https:\/\/www.eslingasyembalajes.com\/product\/sistema-amarre-coches-antideslizante\/#breadcrumb\",\"itemListElement\":[{\"@type\":\"ListItem\",\"position\":1,\"name\":\"Portada\",\"item\":\"https:\/\/www.eslingasyembalajes.com\/\"},{\"@type\":\"ListItem\",\"position\":2,\"name\":\"Tienda\",\"item\":\"https:\/\/www.eslingasyembalajes.com\/?page_id=218\"},{\"@type\":\"ListItem\",\"position\":3,\"name\":\"SISTEMA DE AMARRE PARA COCHES ANTIDESLIZANTE (PORCO505T)\"}]},{\"@type\":\"WebSite\",\"@id\":\"https:\/\/www.eslingasyembalajes.com\/#website\",\"url\":\"https:\/\/www.eslingasyembalajes.com\/\",\"name\":\"Eslingas y embalajes\",\"description\":\"\",\"potentialAction\":[{\"@type\":\"SearchAction\",\"target\":{\"@type\":\"EntryPoint\",\"urlTemplate\":\"https:\/\/www.eslingasyembalajes.com\/?s={search_term_string}\"},\"query-input\":{\"@type\":\"PropertyValueSpecification\",\"valueRequired\":true,\"valueName\":\"search_term_string\"}}],\"inLanguage\":\"en-US\"}]}<\/script>\n<!-- \/ Yoast SEO plugin. -->","yoast_head_json":{"title":"Sistema de Amarre para coches | Eslingas","description":"Eslingas y Embalajes SL ofrecemos las mejores eslingas textiles de un s\u00f3lo uso para elevaci\u00f3n de cargas al mejor precio, vendemos a toda Espa\u00f1a. SISTEMA DE AMARRE PARA COCHES ANTIDESLIZANTE (PORCO505T)","robots":{"index":"index","follow":"follow","max-snippet":"max-snippet:-1","max-image-preview":"max-image-preview:large","max-video-preview":"max-video-preview:-1"},"canonical":"https:\/\/www.eslingasyembalajes.com\/product\/sistema-amarre-coches-antideslizante\/","og_locale":"en_US","og_type":"article","og_title":"Sistema de Amarre para coches | Eslingas","og_description":"Eslingas y Embalajes SL ofrecemos las mejores eslingas textiles de un s\u00f3lo uso para elevaci\u00f3n de cargas al mejor precio, vendemos a toda Espa\u00f1a. SISTEMA DE AMARRE PARA COCHES ANTIDESLIZANTE (PORCO505T)","og_url":"https:\/\/www.eslingasyembalajes.com\/product\/sistema-amarre-coches-antideslizante\/","og_site_name":"Eslingas y embalajes","article_modified_time":"2019-10-22T13:16:21+00:00","og_image":[{"width":800,"height":800,"url":"https:\/\/www.eslingasyembalajes.com\/wp-content\/uploads\/2016\/12\/5.jpg","type":"image\/jpeg"}],"twitter_card":"summary_large_image","twitter_misc":{"Est. reading time":"1 minute"},"schema":{"@context":"https:\/\/schema.org","@graph":[{"@type":"WebPage","@id":"https:\/\/www.eslingasyembalajes.com\/product\/sistema-amarre-coches-antideslizante\/","url":"https:\/\/www.eslingasyembalajes.com\/product\/sistema-amarre-coches-antideslizante\/","name":"Sistema de Amarre para coches | Eslingas","isPartOf":{"@id":"https:\/\/www.eslingasyembalajes.com\/#website"},"primaryImageOfPage":{"@id":"https:\/\/www.eslingasyembalajes.com\/product\/sistema-amarre-coches-antideslizante\/#primaryimage"},"image":{"@id":"https:\/\/www.eslingasyembalajes.com\/product\/sistema-amarre-coches-antideslizante\/#primaryimage"},"thumbnailUrl":"https:\/\/www.eslingasyembalajes.com\/wp-content\/uploads\/2016\/12\/5.jpg","datePublished":"2016-12-12T15:19:23+00:00","dateModified":"2019-10-22T13:16:21+00:00","description":"Eslingas y Embalajes SL ofrecemos las mejores eslingas textiles de un s\u00f3lo uso para elevaci\u00f3n de cargas al mejor precio, vendemos a toda Espa\u00f1a. SISTEMA DE AMARRE PARA COCHES ANTIDESLIZANTE (PORCO505T)","breadcrumb":{"@id":"https:\/\/www.eslingasyembalajes.com\/product\/sistema-amarre-coches-antideslizante\/#breadcrumb"},"inLanguage":"en-US","potentialAction":[{"@type":"ReadAction","target":["https:\/\/www.eslingasyembalajes.com\/product\/sistema-amarre-coches-antideslizante\/"]}]},{"@type":"ImageObject","inLanguage":"en-US","@id":"https:\/\/www.eslingasyembalajes.com\/product\/sistema-amarre-coches-antideslizante\/#primaryimage","url":"https:\/\/www.eslingasyembalajes.com\/wp-content\/uploads\/2016\/12\/5.jpg","contentUrl":"https:\/\/www.eslingasyembalajes.com\/wp-content\/uploads\/2016\/12\/5.jpg","width":800,"height":800},{"@type":"BreadcrumbList","@id":"https:\/\/www.eslingasyembalajes.com\/product\/sistema-amarre-coches-antideslizante\/#breadcrumb","itemListElement":[{"@type":"ListItem","position":1,"name":"Portada","item":"https:\/\/www.eslingasyembalajes.com\/"},{"@type":"ListItem","position":2,"name":"Tienda","item":"https:\/\/www.eslingasyembalajes.com\/?page_id=218"},{"@type":"ListItem","position":3,"name":"SISTEMA DE AMARRE PARA COCHES ANTIDESLIZANTE (PORCO505T)"}]},{"@type":"WebSite","@id":"https:\/\/www.eslingasyembalajes.com\/#website","url":"https:\/\/www.eslingasyembalajes.com\/","name":"Eslingas y embalajes","description":"","potentialAction":[{"@type":"SearchAction","target":{"@type":"EntryPoint","urlTemplate":"https:\/\/www.eslingasyembalajes.com\/?s={search_term_string}"},"query-input":{"@type":"PropertyValueSpecification","valueRequired":true,"valueName":"search_term_string"}}],"inLanguage":"en-US"}]}},"_links":{"self":[{"href":"https:\/\/www.eslingasyembalajes.com\/en\/wp-json\/wp\/v2\/product\/1145","targetHints":{"allow":["GET"]}}],"collection":[{"href":"https:\/\/www.eslingasyembalajes.com\/en\/wp-json\/wp\/v2\/product"}],"about":[{"href":"https:\/\/www.eslingasyembalajes.com\/en\/wp-json\/wp\/v2\/types\/product"}],"replies":[{"embeddable":true,"href":"https:\/\/www.eslingasyembalajes.com\/en\/wp-json\/wp\/v2\/comments?post=1145"}],"wp:featuredmedia":[{"embeddable":true,"href":"https:\/\/www.eslingasyembalajes.com\/en\/wp-json\/wp\/v2\/media\/1644"}],"wp:attachment":[{"href":"https:\/\/www.eslingasyembalajes.com\/en\/wp-json\/wp\/v2\/media?parent=1145"}],"curies":[{"name":"wp","href":"https:\/\/api.w.org\/{rel}","templated":true}]}}