{"id":1016,"date":"2016-07-14T12:44:27","date_gmt":"2016-07-14T12:44:27","guid":{"rendered":"http:\/\/www.eslingasyembalajes.com\/en\/producto\/eslinga-de-un-solo-uso-sin-fin-1000kg\/"},"modified":"2018-09-26T12:49:57","modified_gmt":"2018-09-26T12:49:57","slug":"eslinga-de-un-solo-uso-sin-fin-1000kg","status":"publish","type":"product","link":"https:\/\/www.eslingasyembalajes.com\/en\/product\/eslinga-de-un-solo-uso-sin-fin-1000kg\/","title":{"rendered":"Eslinga de un solo uso sin fin 1.000kg"},"content":{"rendered":"<p>Eslinga plana en aro o sin fin con capacidad de carga de hasta 1.000Kg S.F.5:1<\/p>\n<p>Confeccionadas en cinta de \u00a035mm ancho poli\u00e9ster de alta tenacidad blanco.<\/p>\n<p>Con cosido de seguridad y etiqueta reglamentaria con sus caracter\u00edsticas t\u00e9cnicas.<\/p>\n<p>Disponibles en diferentes longitudes.<\/p>\n<p>Para cantidades superiores contacten con nosotros<\/p>\n<table width=\"582\" height=\"542\">\n<tbody>\n<tr>\n<td rowspan=\"2\" width=\"65\">Articulo<\/td>\n<td colspan=\"5\" rowspan=\"2\" width=\"325\">\u00a0\u00a0 Eslinga plana sin fin un solo uso para elevar 1000 Kg S.F.5:1<\/td>\n<\/tr>\n<tr><\/tr>\n<tr>\n<td rowspan=\"2\">Material:<\/td>\n<td colspan=\"5\" rowspan=\"2\">\u00a0 \u00a0 100% poliester Ata tenacidad<\/td>\n<\/tr>\n<tr><\/tr>\n<tr>\n<td rowspan=\"2\" width=\"65\">Norma que le aplica:<\/td>\n<td colspan=\"5\" rowspan=\"2\">\u00a0 \u00a0 UNE40901<\/td>\n<\/tr>\n<tr><\/tr>\n<tr>\n<td rowspan=\"2\">Color:<\/td>\n<td colspan=\"5\" rowspan=\"2\">\u00a0\u00a0 \u00a0 \u00a0 BLANCO<\/td>\n<\/tr>\n<tr><\/tr>\n<tr>\n<td rowspan=\"2\">Ancho:<\/td>\n<td colspan=\"5\" rowspan=\"2\">\u00a0\u00a0 \u00a0 \u00a0 35mm<\/td>\n<\/tr>\n<tr><\/tr>\n<tr>\n<td rowspan=\"2\">Longitud:<\/td>\n<td colspan=\"5\" rowspan=\"2\"><\/td>\n<\/tr>\n<tr><\/tr>\n<tr>\n<td rowspan=\"2\" width=\"65\">Coeficiente de seguridad:<\/td>\n<td colspan=\"5\" rowspan=\"2\">\u00a0\u00a0 \u00a0 \u00a0 5:1<\/td>\n<\/tr>\n<tr><\/tr>\n<tr>\n<td rowspan=\"2\" width=\"65\">carga m\u00e1xima tiro directo:<\/td>\n<td colspan=\"5\" rowspan=\"2\">\u00a0 \u00a0 1.000Kg<\/td>\n<\/tr>\n<tr><\/tr>\n<tr>\n<td rowspan=\"2\" width=\"65\">carga m\u00e1xima tiro doble:<\/td>\n<td colspan=\"5\" rowspan=\"2\">\u00a0 \u00a0 2.000Kg<\/td>\n<\/tr>\n<tr><\/tr>\n<tr>\n<td rowspan=\"2\" width=\"65\">carga max. Tiro estrangulado<\/td>\n<td colspan=\"5\" rowspan=\"2\">\u00a0 \u00a0 800Kg<\/td>\n<\/tr>\n<tr><\/tr>\n<\/tbody>\n<\/table>\n","protected":false},"excerpt":{"rendered":"<p>Eslinga plana en aro o sin fin con capacidad de carga de hasta 1.000Kg S.F.5:1 Confeccionadas en cinta de \u00a035mm ancho poli\u00e9ster de alta tenacidad blanco. Con cosido de seguridad y etiqueta reglamentaria con sus caracter\u00edsticas t\u00e9cnicas. Disponibles en diferentes longitudes. Para cantidades superiores contacten con nosotros Articulo \u00a0\u00a0 Eslinga plana sin fin un solo [&hellip;]<\/p>\n","protected":false},"featured_media":634,"comment_status":"open","ping_status":"closed","template":"","meta":[],"class_list":["post-1016","product","type-product","status-publish","has-post-thumbnail","hentry","product_cat-one-way-slings","product_tag-calidad","product_tag-cargar","product_tag-cargas-pesadas","product_tag-elevar","product_tag-en-aro","product_tag-eslinga","product_tag-eslinga-blanca","product_tag-eslinga-fuerte","product_tag-eslinga-poliester","product_tag-eslinga-un-solo-uso","product_tag-poliester","product_tag-seguridad","product_tag-sujetar","product_tag-trincar","product_tag-un-solo-viaje"],"yoast_head":"<!-- This site is optimized with the Yoast SEO plugin v26.1 - https:\/\/yoast.com\/wordpress\/plugins\/seo\/ -->\n<title>Eslinga de un solo uso sin fin 1.000kg | Eslingas<\/title>\n<meta name=\"description\" content=\"Eslingas y Embalajes SL ofrecemos las mejores eslingas textiles de un s\u00f3lo uso para elevaci\u00f3n de cargas al mejor precio, vendemos a toda Espa\u00f1a. Eslinga de un solo uso sin fin 1.000kg\" \/>\n<meta name=\"robots\" content=\"index, follow, max-snippet:-1, max-image-preview:large, max-video-preview:-1\" \/>\n<link rel=\"canonical\" href=\"https:\/\/www.eslingasyembalajes.com\/product\/eslinga-de-un-solo-uso-sin-fin-1000kg\/\" \/>\n<meta property=\"og:locale\" content=\"en_US\" \/>\n<meta property=\"og:type\" content=\"article\" \/>\n<meta property=\"og:title\" content=\"Eslinga de un solo uso sin fin 1.000kg | Eslingas\" \/>\n<meta property=\"og:description\" content=\"Eslingas y Embalajes SL ofrecemos las mejores eslingas textiles de un s\u00f3lo uso para elevaci\u00f3n de cargas al mejor precio, vendemos a toda Espa\u00f1a. Eslinga de un solo uso sin fin 1.000kg\" \/>\n<meta property=\"og:url\" content=\"https:\/\/www.eslingasyembalajes.com\/product\/eslinga-de-un-solo-uso-sin-fin-1000kg\/\" \/>\n<meta property=\"og:site_name\" content=\"Eslingas y embalajes\" \/>\n<meta property=\"article:modified_time\" content=\"2018-09-26T12:49:57+00:00\" \/>\n<meta property=\"og:image\" content=\"https:\/\/www.eslingasyembalajes.com\/wp-content\/uploads\/2016\/07\/BLANC-A-2.jpg\" \/>\n\t<meta property=\"og:image:width\" content=\"800\" \/>\n\t<meta property=\"og:image:height\" content=\"800\" \/>\n\t<meta property=\"og:image:type\" content=\"image\/jpeg\" \/>\n<meta name=\"twitter:card\" content=\"summary_large_image\" \/>\n<script type=\"application\/ld+json\" class=\"yoast-schema-graph\">{\"@context\":\"https:\/\/schema.org\",\"@graph\":[{\"@type\":\"WebPage\",\"@id\":\"https:\/\/www.eslingasyembalajes.com\/product\/eslinga-de-un-solo-uso-sin-fin-1000kg\/\",\"url\":\"https:\/\/www.eslingasyembalajes.com\/product\/eslinga-de-un-solo-uso-sin-fin-1000kg\/\",\"name\":\"Eslinga de un solo uso sin fin 1.000kg | Eslingas\",\"isPartOf\":{\"@id\":\"https:\/\/www.eslingasyembalajes.com\/#website\"},\"primaryImageOfPage\":{\"@id\":\"https:\/\/www.eslingasyembalajes.com\/product\/eslinga-de-un-solo-uso-sin-fin-1000kg\/#primaryimage\"},\"image\":{\"@id\":\"https:\/\/www.eslingasyembalajes.com\/product\/eslinga-de-un-solo-uso-sin-fin-1000kg\/#primaryimage\"},\"thumbnailUrl\":\"https:\/\/www.eslingasyembalajes.com\/wp-content\/uploads\/2016\/07\/BLANC-A-2.jpg\",\"datePublished\":\"2016-07-14T12:44:27+00:00\",\"dateModified\":\"2018-09-26T12:49:57+00:00\",\"description\":\"Eslingas y Embalajes SL ofrecemos las mejores eslingas textiles de un s\u00f3lo uso para elevaci\u00f3n de cargas al mejor precio, vendemos a toda Espa\u00f1a. Eslinga de un solo uso sin fin 1.000kg\",\"breadcrumb\":{\"@id\":\"https:\/\/www.eslingasyembalajes.com\/product\/eslinga-de-un-solo-uso-sin-fin-1000kg\/#breadcrumb\"},\"inLanguage\":\"en-US\",\"potentialAction\":[{\"@type\":\"ReadAction\",\"target\":[\"https:\/\/www.eslingasyembalajes.com\/product\/eslinga-de-un-solo-uso-sin-fin-1000kg\/\"]}]},{\"@type\":\"ImageObject\",\"inLanguage\":\"en-US\",\"@id\":\"https:\/\/www.eslingasyembalajes.com\/product\/eslinga-de-un-solo-uso-sin-fin-1000kg\/#primaryimage\",\"url\":\"https:\/\/www.eslingasyembalajes.com\/wp-content\/uploads\/2016\/07\/BLANC-A-2.jpg\",\"contentUrl\":\"https:\/\/www.eslingasyembalajes.com\/wp-content\/uploads\/2016\/07\/BLANC-A-2.jpg\",\"width\":800,\"height\":800},{\"@type\":\"BreadcrumbList\",\"@id\":\"https:\/\/www.eslingasyembalajes.com\/product\/eslinga-de-un-solo-uso-sin-fin-1000kg\/#breadcrumb\",\"itemListElement\":[{\"@type\":\"ListItem\",\"position\":1,\"name\":\"Portada\",\"item\":\"https:\/\/www.eslingasyembalajes.com\/\"},{\"@type\":\"ListItem\",\"position\":2,\"name\":\"Tienda\",\"item\":\"https:\/\/www.eslingasyembalajes.com\/?page_id=218\"},{\"@type\":\"ListItem\",\"position\":3,\"name\":\"Eslinga de un solo uso sin fin 1.000kg\"}]},{\"@type\":\"WebSite\",\"@id\":\"https:\/\/www.eslingasyembalajes.com\/#website\",\"url\":\"https:\/\/www.eslingasyembalajes.com\/\",\"name\":\"Eslingas y embalajes\",\"description\":\"\",\"potentialAction\":[{\"@type\":\"SearchAction\",\"target\":{\"@type\":\"EntryPoint\",\"urlTemplate\":\"https:\/\/www.eslingasyembalajes.com\/?s={search_term_string}\"},\"query-input\":{\"@type\":\"PropertyValueSpecification\",\"valueRequired\":true,\"valueName\":\"search_term_string\"}}],\"inLanguage\":\"en-US\"}]}<\/script>\n<!-- \/ Yoast SEO plugin. -->","yoast_head_json":{"title":"Eslinga de un solo uso sin fin 1.000kg | Eslingas","description":"Eslingas y Embalajes SL ofrecemos las mejores eslingas textiles de un s\u00f3lo uso para elevaci\u00f3n de cargas al mejor precio, vendemos a toda Espa\u00f1a. Eslinga de un solo uso sin fin 1.000kg","robots":{"index":"index","follow":"follow","max-snippet":"max-snippet:-1","max-image-preview":"max-image-preview:large","max-video-preview":"max-video-preview:-1"},"canonical":"https:\/\/www.eslingasyembalajes.com\/product\/eslinga-de-un-solo-uso-sin-fin-1000kg\/","og_locale":"en_US","og_type":"article","og_title":"Eslinga de un solo uso sin fin 1.000kg | Eslingas","og_description":"Eslingas y Embalajes SL ofrecemos las mejores eslingas textiles de un s\u00f3lo uso para elevaci\u00f3n de cargas al mejor precio, vendemos a toda Espa\u00f1a. Eslinga de un solo uso sin fin 1.000kg","og_url":"https:\/\/www.eslingasyembalajes.com\/product\/eslinga-de-un-solo-uso-sin-fin-1000kg\/","og_site_name":"Eslingas y embalajes","article_modified_time":"2018-09-26T12:49:57+00:00","og_image":[{"width":800,"height":800,"url":"https:\/\/www.eslingasyembalajes.com\/wp-content\/uploads\/2016\/07\/BLANC-A-2.jpg","type":"image\/jpeg"}],"twitter_card":"summary_large_image","schema":{"@context":"https:\/\/schema.org","@graph":[{"@type":"WebPage","@id":"https:\/\/www.eslingasyembalajes.com\/product\/eslinga-de-un-solo-uso-sin-fin-1000kg\/","url":"https:\/\/www.eslingasyembalajes.com\/product\/eslinga-de-un-solo-uso-sin-fin-1000kg\/","name":"Eslinga de un solo uso sin fin 1.000kg | Eslingas","isPartOf":{"@id":"https:\/\/www.eslingasyembalajes.com\/#website"},"primaryImageOfPage":{"@id":"https:\/\/www.eslingasyembalajes.com\/product\/eslinga-de-un-solo-uso-sin-fin-1000kg\/#primaryimage"},"image":{"@id":"https:\/\/www.eslingasyembalajes.com\/product\/eslinga-de-un-solo-uso-sin-fin-1000kg\/#primaryimage"},"thumbnailUrl":"https:\/\/www.eslingasyembalajes.com\/wp-content\/uploads\/2016\/07\/BLANC-A-2.jpg","datePublished":"2016-07-14T12:44:27+00:00","dateModified":"2018-09-26T12:49:57+00:00","description":"Eslingas y Embalajes SL ofrecemos las mejores eslingas textiles de un s\u00f3lo uso para elevaci\u00f3n de cargas al mejor precio, vendemos a toda Espa\u00f1a. Eslinga de un solo uso sin fin 1.000kg","breadcrumb":{"@id":"https:\/\/www.eslingasyembalajes.com\/product\/eslinga-de-un-solo-uso-sin-fin-1000kg\/#breadcrumb"},"inLanguage":"en-US","potentialAction":[{"@type":"ReadAction","target":["https:\/\/www.eslingasyembalajes.com\/product\/eslinga-de-un-solo-uso-sin-fin-1000kg\/"]}]},{"@type":"ImageObject","inLanguage":"en-US","@id":"https:\/\/www.eslingasyembalajes.com\/product\/eslinga-de-un-solo-uso-sin-fin-1000kg\/#primaryimage","url":"https:\/\/www.eslingasyembalajes.com\/wp-content\/uploads\/2016\/07\/BLANC-A-2.jpg","contentUrl":"https:\/\/www.eslingasyembalajes.com\/wp-content\/uploads\/2016\/07\/BLANC-A-2.jpg","width":800,"height":800},{"@type":"BreadcrumbList","@id":"https:\/\/www.eslingasyembalajes.com\/product\/eslinga-de-un-solo-uso-sin-fin-1000kg\/#breadcrumb","itemListElement":[{"@type":"ListItem","position":1,"name":"Portada","item":"https:\/\/www.eslingasyembalajes.com\/"},{"@type":"ListItem","position":2,"name":"Tienda","item":"https:\/\/www.eslingasyembalajes.com\/?page_id=218"},{"@type":"ListItem","position":3,"name":"Eslinga de un solo uso sin fin 1.000kg"}]},{"@type":"WebSite","@id":"https:\/\/www.eslingasyembalajes.com\/#website","url":"https:\/\/www.eslingasyembalajes.com\/","name":"Eslingas y embalajes","description":"","potentialAction":[{"@type":"SearchAction","target":{"@type":"EntryPoint","urlTemplate":"https:\/\/www.eslingasyembalajes.com\/?s={search_term_string}"},"query-input":{"@type":"PropertyValueSpecification","valueRequired":true,"valueName":"search_term_string"}}],"inLanguage":"en-US"}]}},"_links":{"self":[{"href":"https:\/\/www.eslingasyembalajes.com\/en\/wp-json\/wp\/v2\/product\/1016","targetHints":{"allow":["GET"]}}],"collection":[{"href":"https:\/\/www.eslingasyembalajes.com\/en\/wp-json\/wp\/v2\/product"}],"about":[{"href":"https:\/\/www.eslingasyembalajes.com\/en\/wp-json\/wp\/v2\/types\/product"}],"replies":[{"embeddable":true,"href":"https:\/\/www.eslingasyembalajes.com\/en\/wp-json\/wp\/v2\/comments?post=1016"}],"wp:featuredmedia":[{"embeddable":true,"href":"https:\/\/www.eslingasyembalajes.com\/en\/wp-json\/wp\/v2\/media\/634"}],"wp:attachment":[{"href":"https:\/\/www.eslingasyembalajes.com\/en\/wp-json\/wp\/v2\/media?parent=1016"}],"curies":[{"name":"wp","href":"https:\/\/api.w.org\/{rel}","templated":true}]}}