{"id":1005,"date":"2016-12-12T15:45:56","date_gmt":"2016-12-12T15:45:56","guid":{"rendered":"http:\/\/www.eslingasyembalajes.com\/en\/producto\/ca254060\/"},"modified":"2020-03-23T09:31:41","modified_gmt":"2020-03-23T09:31:41","slug":"ca254060","status":"publish","type":"product","link":"https:\/\/www.eslingasyembalajes.com\/en\/product\/ca254060\/","title":{"rendered":"SISTEMA DE AMARRE 25mm 6m-400KG trinquete hebilla (SA256m400)"},"content":{"rendered":"<p>Sistema de amarre compuesto de una cinta con un pasador en uno de los extremos.<\/p>\n<p>La cinta est\u00e1 fabricada en poli\u00e9ster de alta tenacidad de color naranja, hace 25mm de ancho, tiene una fuerza de rotura de 1.200Kg y mide 6 metros.<\/p>\n<p>Ideal para sujetar de forma f\u00e1cil y segura peque\u00f1as cargas como paquetes, muebles, material deportivo\u2026una vez lo use se convertir\u00e1 en algo indispensable en el \u00e1mbito personal y profesional.<\/p>\n<table width=\"415\">\n<tbody>\n<tr>\n<td colspan=\"2\">ANCHO:<\/td>\n<td colspan=\"2\">25 mm<\/td>\n<\/tr>\n<tr>\n<td>LONGITUD CINTA:<\/td>\n<td><\/td>\n<td colspan=\"2\">6m<\/td>\n<\/tr>\n<tr>\n<td colspan=\"2\">TIPO DE TRINQUETE<\/td>\n<td colspan=\"2\">Hebilla<\/td>\n<\/tr>\n<tr>\n<td colspan=\"2\">MATERIAL CINTA:<\/td>\n<td>Poliester alta tenacidad<\/td>\n<td><\/td>\n<\/tr>\n<tr>\n<td colspan=\"2\">CAPACIDAD CARGA LINEAL:<\/td>\n<td colspan=\"2\">200 daN<\/td>\n<\/tr>\n<tr>\n<td colspan=\"2\">CAPACIDAD CARGA TRABAJO:<\/td>\n<td colspan=\"2\">400 daN<\/td>\n<\/tr>\n<tr>\n<td colspan=\"2\">PUNTO DE ROTURA DE LA CINTA:<\/td>\n<td colspan=\"2\">1200 Kg<\/td>\n<\/tr>\n<\/tbody>\n<\/table>\n","protected":false},"excerpt":{"rendered":"<p>Sistema de amarre compuesto de una cinta con un pasador en uno de los extremos. La cinta est\u00e1 fabricada en poli\u00e9ster de alta tenacidad de color naranja, hace 25mm de ancho, tiene una fuerza de rotura de 1.200Kg y mide 6 metros. Ideal para sujetar de forma f\u00e1cil y segura peque\u00f1as cargas como paquetes, muebles, [&hellip;]<\/p>\n","protected":false},"featured_media":1645,"comment_status":"open","ping_status":"closed","template":"","meta":[],"class_list":["post-1005","product","type-product","status-publish","has-post-thumbnail","hentry","product_cat-slashing-systems","product_tag-amarrar","product_tag-cargas","product_tag-cargas-pesadas","product_tag-cinta","product_tag-fuertes","product_tag-hebillas","product_tag-hierro","product_tag-pesadas","product_tag-poliester","product_tag-sujetar","product_tag-trincar","product_tag-trinquetes"],"yoast_head":"<!-- This site is optimized with the Yoast SEO plugin v26.1 - https:\/\/yoast.com\/wordpress\/plugins\/seo\/ -->\n<title>Sistema de Amarre 25mm 6m-400KG trinquete hebilla | Eslingas<\/title>\n<meta name=\"description\" content=\"Eslingas y Embalajes SL ofrecemos las mejores eslingas textiles de un s\u00f3lo uso para elevaci\u00f3n de cargas al mejor precio, vendemos a toda Espa\u00f1a. SISTEMA DE AMARRE 25mm 6m-400KG trinquete hebilla (SA256m400)\" \/>\n<meta name=\"robots\" content=\"index, follow, max-snippet:-1, max-image-preview:large, max-video-preview:-1\" \/>\n<link rel=\"canonical\" href=\"https:\/\/www.eslingasyembalajes.com\/product\/ca254060\/\" \/>\n<meta property=\"og:locale\" content=\"en_US\" \/>\n<meta property=\"og:type\" content=\"article\" \/>\n<meta property=\"og:title\" content=\"Sistema de Amarre 25mm 6m-400KG trinquete hebilla | Eslingas\" \/>\n<meta property=\"og:description\" content=\"Eslingas y Embalajes SL ofrecemos las mejores eslingas textiles de un s\u00f3lo uso para elevaci\u00f3n de cargas al mejor precio, vendemos a toda Espa\u00f1a. SISTEMA DE AMARRE 25mm 6m-400KG trinquete hebilla (SA256m400)\" \/>\n<meta property=\"og:url\" content=\"https:\/\/www.eslingasyembalajes.com\/product\/ca254060\/\" \/>\n<meta property=\"og:site_name\" content=\"Eslingas y embalajes\" \/>\n<meta property=\"article:modified_time\" content=\"2020-03-23T09:31:41+00:00\" \/>\n<meta property=\"og:image\" content=\"https:\/\/www.eslingasyembalajes.com\/wp-content\/uploads\/2016\/12\/9.jpg\" \/>\n\t<meta property=\"og:image:width\" content=\"800\" \/>\n\t<meta property=\"og:image:height\" content=\"800\" \/>\n\t<meta property=\"og:image:type\" content=\"image\/jpeg\" \/>\n<meta name=\"twitter:card\" content=\"summary_large_image\" \/>\n<meta name=\"twitter:label1\" content=\"Est. reading time\" \/>\n\t<meta name=\"twitter:data1\" content=\"1 minute\" \/>\n<script type=\"application\/ld+json\" class=\"yoast-schema-graph\">{\"@context\":\"https:\/\/schema.org\",\"@graph\":[{\"@type\":\"WebPage\",\"@id\":\"https:\/\/www.eslingasyembalajes.com\/product\/ca254060\/\",\"url\":\"https:\/\/www.eslingasyembalajes.com\/product\/ca254060\/\",\"name\":\"Sistema de Amarre 25mm 6m-400KG trinquete hebilla | Eslingas\",\"isPartOf\":{\"@id\":\"https:\/\/www.eslingasyembalajes.com\/#website\"},\"primaryImageOfPage\":{\"@id\":\"https:\/\/www.eslingasyembalajes.com\/product\/ca254060\/#primaryimage\"},\"image\":{\"@id\":\"https:\/\/www.eslingasyembalajes.com\/product\/ca254060\/#primaryimage\"},\"thumbnailUrl\":\"https:\/\/www.eslingasyembalajes.com\/wp-content\/uploads\/2016\/12\/9.jpg\",\"datePublished\":\"2016-12-12T15:45:56+00:00\",\"dateModified\":\"2020-03-23T09:31:41+00:00\",\"description\":\"Eslingas y Embalajes SL ofrecemos las mejores eslingas textiles de un s\u00f3lo uso para elevaci\u00f3n de cargas al mejor precio, vendemos a toda Espa\u00f1a. SISTEMA DE AMARRE 25mm 6m-400KG trinquete hebilla (SA256m400)\",\"breadcrumb\":{\"@id\":\"https:\/\/www.eslingasyembalajes.com\/product\/ca254060\/#breadcrumb\"},\"inLanguage\":\"en-US\",\"potentialAction\":[{\"@type\":\"ReadAction\",\"target\":[\"https:\/\/www.eslingasyembalajes.com\/product\/ca254060\/\"]}]},{\"@type\":\"ImageObject\",\"inLanguage\":\"en-US\",\"@id\":\"https:\/\/www.eslingasyembalajes.com\/product\/ca254060\/#primaryimage\",\"url\":\"https:\/\/www.eslingasyembalajes.com\/wp-content\/uploads\/2016\/12\/9.jpg\",\"contentUrl\":\"https:\/\/www.eslingasyembalajes.com\/wp-content\/uploads\/2016\/12\/9.jpg\",\"width\":800,\"height\":800},{\"@type\":\"BreadcrumbList\",\"@id\":\"https:\/\/www.eslingasyembalajes.com\/product\/ca254060\/#breadcrumb\",\"itemListElement\":[{\"@type\":\"ListItem\",\"position\":1,\"name\":\"Portada\",\"item\":\"https:\/\/www.eslingasyembalajes.com\/\"},{\"@type\":\"ListItem\",\"position\":2,\"name\":\"Tienda\",\"item\":\"https:\/\/www.eslingasyembalajes.com\/?page_id=218\"},{\"@type\":\"ListItem\",\"position\":3,\"name\":\"SISTEMA DE AMARRE 25mm 6m-400KG trinquete hebilla (SA256m400)\"}]},{\"@type\":\"WebSite\",\"@id\":\"https:\/\/www.eslingasyembalajes.com\/#website\",\"url\":\"https:\/\/www.eslingasyembalajes.com\/\",\"name\":\"Eslingas y embalajes\",\"description\":\"\",\"potentialAction\":[{\"@type\":\"SearchAction\",\"target\":{\"@type\":\"EntryPoint\",\"urlTemplate\":\"https:\/\/www.eslingasyembalajes.com\/?s={search_term_string}\"},\"query-input\":{\"@type\":\"PropertyValueSpecification\",\"valueRequired\":true,\"valueName\":\"search_term_string\"}}],\"inLanguage\":\"en-US\"}]}<\/script>\n<!-- \/ Yoast SEO plugin. -->","yoast_head_json":{"title":"Sistema de Amarre 25mm 6m-400KG trinquete hebilla | Eslingas","description":"Eslingas y Embalajes SL ofrecemos las mejores eslingas textiles de un s\u00f3lo uso para elevaci\u00f3n de cargas al mejor precio, vendemos a toda Espa\u00f1a. SISTEMA DE AMARRE 25mm 6m-400KG trinquete hebilla (SA256m400)","robots":{"index":"index","follow":"follow","max-snippet":"max-snippet:-1","max-image-preview":"max-image-preview:large","max-video-preview":"max-video-preview:-1"},"canonical":"https:\/\/www.eslingasyembalajes.com\/product\/ca254060\/","og_locale":"en_US","og_type":"article","og_title":"Sistema de Amarre 25mm 6m-400KG trinquete hebilla | Eslingas","og_description":"Eslingas y Embalajes SL ofrecemos las mejores eslingas textiles de un s\u00f3lo uso para elevaci\u00f3n de cargas al mejor precio, vendemos a toda Espa\u00f1a. SISTEMA DE AMARRE 25mm 6m-400KG trinquete hebilla (SA256m400)","og_url":"https:\/\/www.eslingasyembalajes.com\/product\/ca254060\/","og_site_name":"Eslingas y embalajes","article_modified_time":"2020-03-23T09:31:41+00:00","og_image":[{"width":800,"height":800,"url":"https:\/\/www.eslingasyembalajes.com\/wp-content\/uploads\/2016\/12\/9.jpg","type":"image\/jpeg"}],"twitter_card":"summary_large_image","twitter_misc":{"Est. reading time":"1 minute"},"schema":{"@context":"https:\/\/schema.org","@graph":[{"@type":"WebPage","@id":"https:\/\/www.eslingasyembalajes.com\/product\/ca254060\/","url":"https:\/\/www.eslingasyembalajes.com\/product\/ca254060\/","name":"Sistema de Amarre 25mm 6m-400KG trinquete hebilla | Eslingas","isPartOf":{"@id":"https:\/\/www.eslingasyembalajes.com\/#website"},"primaryImageOfPage":{"@id":"https:\/\/www.eslingasyembalajes.com\/product\/ca254060\/#primaryimage"},"image":{"@id":"https:\/\/www.eslingasyembalajes.com\/product\/ca254060\/#primaryimage"},"thumbnailUrl":"https:\/\/www.eslingasyembalajes.com\/wp-content\/uploads\/2016\/12\/9.jpg","datePublished":"2016-12-12T15:45:56+00:00","dateModified":"2020-03-23T09:31:41+00:00","description":"Eslingas y Embalajes SL ofrecemos las mejores eslingas textiles de un s\u00f3lo uso para elevaci\u00f3n de cargas al mejor precio, vendemos a toda Espa\u00f1a. SISTEMA DE AMARRE 25mm 6m-400KG trinquete hebilla (SA256m400)","breadcrumb":{"@id":"https:\/\/www.eslingasyembalajes.com\/product\/ca254060\/#breadcrumb"},"inLanguage":"en-US","potentialAction":[{"@type":"ReadAction","target":["https:\/\/www.eslingasyembalajes.com\/product\/ca254060\/"]}]},{"@type":"ImageObject","inLanguage":"en-US","@id":"https:\/\/www.eslingasyembalajes.com\/product\/ca254060\/#primaryimage","url":"https:\/\/www.eslingasyembalajes.com\/wp-content\/uploads\/2016\/12\/9.jpg","contentUrl":"https:\/\/www.eslingasyembalajes.com\/wp-content\/uploads\/2016\/12\/9.jpg","width":800,"height":800},{"@type":"BreadcrumbList","@id":"https:\/\/www.eslingasyembalajes.com\/product\/ca254060\/#breadcrumb","itemListElement":[{"@type":"ListItem","position":1,"name":"Portada","item":"https:\/\/www.eslingasyembalajes.com\/"},{"@type":"ListItem","position":2,"name":"Tienda","item":"https:\/\/www.eslingasyembalajes.com\/?page_id=218"},{"@type":"ListItem","position":3,"name":"SISTEMA DE AMARRE 25mm 6m-400KG trinquete hebilla (SA256m400)"}]},{"@type":"WebSite","@id":"https:\/\/www.eslingasyembalajes.com\/#website","url":"https:\/\/www.eslingasyembalajes.com\/","name":"Eslingas y embalajes","description":"","potentialAction":[{"@type":"SearchAction","target":{"@type":"EntryPoint","urlTemplate":"https:\/\/www.eslingasyembalajes.com\/?s={search_term_string}"},"query-input":{"@type":"PropertyValueSpecification","valueRequired":true,"valueName":"search_term_string"}}],"inLanguage":"en-US"}]}},"_links":{"self":[{"href":"https:\/\/www.eslingasyembalajes.com\/en\/wp-json\/wp\/v2\/product\/1005","targetHints":{"allow":["GET"]}}],"collection":[{"href":"https:\/\/www.eslingasyembalajes.com\/en\/wp-json\/wp\/v2\/product"}],"about":[{"href":"https:\/\/www.eslingasyembalajes.com\/en\/wp-json\/wp\/v2\/types\/product"}],"replies":[{"embeddable":true,"href":"https:\/\/www.eslingasyembalajes.com\/en\/wp-json\/wp\/v2\/comments?post=1005"}],"wp:featuredmedia":[{"embeddable":true,"href":"https:\/\/www.eslingasyembalajes.com\/en\/wp-json\/wp\/v2\/media\/1645"}],"wp:attachment":[{"href":"https:\/\/www.eslingasyembalajes.com\/en\/wp-json\/wp\/v2\/media?parent=1005"}],"curies":[{"name":"wp","href":"https:\/\/api.w.org\/{rel}","templated":true}]}}