{"id":856,"date":"2016-07-19T14:45:41","date_gmt":"2016-07-19T14:45:41","guid":{"rendered":"http:\/\/www.eslingasyembalajes.com\/en\/trincajes\/"},"modified":"2017-01-23T17:10:08","modified_gmt":"2017-01-23T17:10:08","slug":"lashing-systems","status":"publish","type":"page","link":"https:\/\/www.eslingasyembalajes.com\/en\/lashing-systems\/","title":{"rendered":"Lashing systems"},"content":{"rendered":"<p>[vc_row][vc_column css=&#8221;.vc_custom_1478195335945{padding-right: 4% !important;padding-left: 4% !important;}&#8221;]<div class=\"ult-spacer spacer-6a096a3e2788a\" data-id=\"6a096a3e2788a\" data-height=\"50\" data-height-mobile=\"50\" data-height-tab=\"50\" data-height-tab-portrait=\"50\" data-height-mobile-landscape=\"50\" style=\"clear:both;display:block;\"><\/div><div id=\"ultimate-heading-36256a096a3e278c2\" class=\"uvc-heading ult-adjust-bottom-margin ultimate-heading-36256a096a3e278c2 uvc-2164 \" data-hspacer=\"no_spacer\"  data-halign=\"center\" style=\"text-align:center\"><div class=\"uvc-heading-spacer no_spacer\" style=\"top\"><\/div><div class=\"uvc-main-heading ult-responsive\"  data-ultimate-target='.uvc-heading.ultimate-heading-36256a096a3e278c2 h1'  data-responsive-json-new='{\"font-size\":\"\",\"line-height\":\"\"}' ><h1 style=\"font-weight:normal;color:#333333;\">Lashing systems<\/h1><\/div><\/div><div class=\"ult-spacer spacer-6a096a3e278e9\" data-id=\"6a096a3e278e9\" data-height=\"20\" data-height-mobile=\"20\" data-height-tab=\"20\" data-height-tab-portrait=\"20\" data-height-mobile-landscape=\"20\" style=\"clear:both;display:block;\"><\/div><div class=\"woocommerce columns-12 \"><ul class=\"products columns-12\">\n<li class=\"product type-product post-1150 status-publish first instock product_cat-slashing-systems product_tag-amarrar product_tag-cargas product_tag-cargas-pesadas product_tag-cinta product_tag-coches product_tag-estirar product_tag-fuertes product_tag-ganchos product_tag-hebillas product_tag-hierro product_tag-pesadas product_tag-poliester product_tag-remolcar product_tag-sujetar product_tag-tirar product_tag-trincar product_tag-trinquetes has-post-thumbnail taxable shipping-taxable purchasable product-type-simple\">\n\t<\/li>\n<li class=\"product type-product post-1160 status-publish instock product_cat-slashing-systems product_tag-amarrar product_tag-cargas product_tag-cargas-pesadas product_tag-cinta product_tag-fuertes product_tag-hebillas product_tag-hierro product_tag-pesadas product_tag-poliester product_tag-sujetar product_tag-trincar product_tag-trinquetes has-post-thumbnail taxable shipping-taxable purchasable product-type-simple\">\n\t<\/li>\n<li class=\"product type-product post-1141 status-publish instock product_cat-slashing-systems product_tag-amarrar product_tag-cargas product_tag-cargas-pesadas product_tag-cinta product_tag-fuertes product_tag-hebillas product_tag-hierro product_tag-pesadas product_tag-poliester product_tag-sujetar product_tag-trincar product_tag-trinquetes has-post-thumbnail taxable shipping-taxable purchasable product-type-simple\">\n\t<\/li>\n<li class=\"product type-product post-1165 status-publish instock product_cat-slashing-systems product_tag-amarrar product_tag-cargas product_tag-cargas-pesadas product_tag-cinta product_tag-fuertes product_tag-hebillas product_tag-hierro product_tag-pesadas product_tag-poliester product_tag-sujetar product_tag-trincar product_tag-trinquetes has-post-thumbnail taxable shipping-taxable purchasable product-type-simple\">\n\t<\/li>\n<li class=\"product type-product post-1172 status-publish instock product_cat-slashing-systems product_tag-amarrar product_tag-cargas product_tag-cargas-pesadas product_tag-cinta product_tag-fuertes product_tag-hebillas product_tag-hierro product_tag-pesadas product_tag-poliester product_tag-sujetar product_tag-trincar product_tag-trinquetes has-post-thumbnail featured taxable shipping-taxable purchasable product-type-simple\">\n\t<\/li>\n<li class=\"product type-product post-1157 status-publish instock product_cat-slashing-systems product_tag-amarrar product_tag-cargas product_tag-cargas-pesadas product_tag-cinta product_tag-fuertes product_tag-hebillas product_tag-hierro product_tag-pesadas product_tag-poliester product_tag-sujetar product_tag-trincar product_tag-trinquetes has-post-thumbnail taxable shipping-taxable purchasable product-type-simple\">\n\t<\/li>\n<li class=\"product type-product post-1169 status-publish instock product_cat-slashing-systems product_tag-amarrar product_tag-cargas product_tag-cargas-pesadas product_tag-cinta product_tag-fuertes product_tag-hebillas product_tag-hierro product_tag-pesadas product_tag-poliester product_tag-sujetar product_tag-trincar product_tag-trinquetes has-post-thumbnail taxable shipping-taxable purchasable product-type-simple\">\n\t<\/li>\n<li class=\"product type-product post-1145 status-publish outofstock product_cat-slashing-systems product_tag-amarrar product_tag-cargas product_tag-cargas-pesadas product_tag-carracas product_tag-cinta product_tag-dos-ganchos product_tag-estirar product_tag-fuertes product_tag-ganchos-j product_tag-gruas product_tag-hebillas product_tag-hierro product_tag-pesadas product_tag-poliester product_tag-sujeta-coches product_tag-sujetacoches product_tag-sujetar product_tag-transporte product_tag-trincar product_tag-trinquetes has-post-thumbnail taxable shipping-taxable purchasable product-type-simple\">\n\t<div class=\"ribbon-wrapper\"><div class=\"ribbon\">Out Of Stock<\/div><\/div><\/li>\n<li class=\"product type-product post-1005 status-publish instock product_cat-slashing-systems product_tag-amarrar product_tag-cargas product_tag-cargas-pesadas product_tag-cinta product_tag-fuertes product_tag-hebillas product_tag-hierro product_tag-pesadas product_tag-poliester product_tag-sujetar product_tag-trincar product_tag-trinquetes has-post-thumbnail taxable shipping-taxable product-type-simple\">\n\t<\/li>\n<li class=\"product type-product post-1154 status-publish instock product_cat-slashing-systems product_tag-amarrar product_tag-cargas product_tag-cargas-pesadas product_tag-cinta product_tag-fuertes product_tag-hebillas product_tag-hierro product_tag-pesadas product_tag-poliester product_tag-sujetar product_tag-trincar product_tag-trinquetes has-post-thumbnail taxable shipping-taxable purchasable product-type-variable\">\n\t<\/li>\n<\/ul>\n<\/div>[\/vc_column][\/vc_row][vc_row newlayout=&#8221;Fluid&#8221; bg_type=&#8221;bg_color&#8221; css=&#8221;.vc_custom_1468503996926{margin-bottom: 0px !important;}&#8221; bg_color_value=&#8221;#ffffff&#8221;][vc_column]<div class=\"ult-spacer spacer-6a096a3e2c301\" data-id=\"6a096a3e2c301\" data-height=\"50\" data-height-mobile=\"50\" data-height-tab=\"50\" data-height-tab-portrait=\"50\" data-height-mobile-landscape=\"50\" style=\"clear:both;display:block;\"><\/div>[\/vc_column][\/vc_row][vc_row content_placement=&#8221;middle&#8221;][vc_column width=&#8221;1\/2&#8243; css=&#8221;.vc_custom_1468507835086{padding-right: 5% !important;padding-left: 5% !important;}&#8221;]<div class=\"row sectionTitles m0  \">\n\t\t\t\t<h4 class=\"sectionTitle \" style=\"color: !important\">Lashing systems<\/h4>\n\t\t\t\t<div class=\"sectionSubTitle \" style=\"color: !important\"><\/div>\n\t\t\t<\/div>[vc_column_text]<\/p>\n<p style=\"text-align: justify;\">Lashing systems allow us to fasten loads in a safe, comfortable way. They can be made up of different elements like belts, ratchets, hooks, buckles\u2026<\/p>\n<p style=\"text-align: justify;\">These elements are of different measurements and lengths depending on what they are used for.<\/p>\n<p style=\"text-align: justify;\">The belt is manufactured in a variety of high-tensile polyester colours.<\/p>\n<p style=\"text-align: justify;\">All of the components are made with top quality materials.<\/p>\n<p style=\"text-align: justify;\">All of our lashing systems meet the European legal regulations and come with their instructions for use.<\/p>\n<p style=\"text-align: justify;\">Please do not hesitate to contact us to find the lashing system that adapts to your requirements.<\/p>\n<p>[\/vc_column_text][\/vc_column][vc_column width=&#8221;1\/2&#8243; css=&#8221;.vc_custom_1468247514541{padding-top: 5% !important;padding-right: 5% !important;padding-bottom: 5% !important;padding-left: 5% !important;}&#8221;]<div class=\"ult-spacer spacer-6a096a3e2c330\" data-id=\"6a096a3e2c330\" data-height=\"80\" data-height-mobile=\"20\" data-height-tab=\"20\" data-height-tab-portrait=\"20\" data-height-mobile-landscape=\"20\" style=\"clear:both;display:block;\"><\/div><div class='ult_hotspot_container ult-adjust-bottom-margin ult-hotspot-tooltip-wrapper ' style=width:500px;>  <img class='ult_hotspot_image' src=https:\/\/www.eslingasyembalajes.com\/wp-content\/uploads\/2016\/07\/trincajes.jpg alt='null'\/>     <div class='utl-hotspot-items ult-hotspot-item'><div class='ult-hotspot-item ' style='top:-webkit-calc(36.353326612903224% - 2px);top:-moz-calc(36.353326612903224% - 2px);top:calc(36.353326612903224% - 2px);left: -webkit-calc(66.765625% - 2px);left: -moz-calc(66.765625% - 2px);left: calc(66.765625% - 2px);' >  <div style='z-index: 39;position: relative;'>   <a data-link_style='tootip' data-mycust-id=\"hotspot-tooltip-6489\"  data-ultimate-target='#hotspot-tooltip-6489 .ult-tooltipster-content'  data-responsive-json-new='{\"font-size\":\"\",\"line-height\":\"\"}' data-tooltip-content-style=\"width:300px;\"data-tooltip-base-style=\"background-color:#ffffff;color:#4c4c4c;\" data-bubble-arrow=\"true\" data-tooltip-offsety=\"2\" class='ult-tooltipstered ult-hotspot-tooltip' href='#' data-status='show'><div class=\"ult-just-icon-wrapper  \"><div class=\"align-icon\" style=\"text-align:center;\">\n<div class=\"aio-icon circle \"  style=\"color:#0a0000;background:#ffffff;font-size:32px;display:inline-block;\">\n\t<i class=\"Defaults-dot-circle-o\"><\/i>\n<\/div><\/div><\/div><span class='hotspot-tooltip-content'>Fastening and lashing systems for clothes fastening<\/span>  <\/a> <\/div><!-- ICON WRAP --><\/div>\n<\/div>     <div style='color:#000;' data-image='    '><\/div><\/div>[vc_column_text](Go over the icons for more product information)[\/vc_column_text][\/vc_column][\/vc_row]<\/p>\n","protected":false},"excerpt":{"rendered":"<p>[vc_row][vc_column css=&#8221;.vc_custom_1478195335945{padding-right: 4% !important;padding-left: 4% !important;}&#8221;][\/vc_column][\/vc_row][vc_row newlayout=&#8221;Fluid&#8221; bg_type=&#8221;bg_color&#8221; css=&#8221;.vc_custom_1468503996926{margin-bottom: 0px !important;}&#8221; bg_color_value=&#8221;#ffffff&#8221;][vc_column][\/vc_column][\/vc_row][vc_row content_placement=&#8221;middle&#8221;][vc_column width=&#8221;1\/2&#8243; css=&#8221;.vc_custom_1468507835086{padding-right: 5% !important;padding-left: 5% !important;}&#8221;][vc_column_text] Lashing systems allow us to fasten loads in a safe, comfortable way. They can be made up of different elements like belts, ratchets, hooks, buckles\u2026 These elements are of different measurements and lengths depending on what [&hellip;]<\/p>\n","protected":false},"author":14,"featured_media":0,"parent":0,"menu_order":0,"comment_status":"open","ping_status":"open","template":"page.php","meta":{"footnotes":""},"class_list":["post-856","page","type-page","status-publish","hentry"],"yoast_head":"<!-- This site is optimized with the Yoast SEO plugin v26.1 - https:\/\/yoast.com\/wordpress\/plugins\/seo\/ -->\n<title>Trincajes y amarres para fijaci\u00f3n y sujecci\u00f3n de cargas - Trincaje de carga<\/title>\n<meta name=\"description\" content=\"Ofrecemos los mejores trincajes y sistemas de amarre para sujecci\u00f3n de cargas al mejor precio para fijaci\u00f3n de cargas pesadas, vendemos a toda Espa\u00f1a\" \/>\n<meta name=\"robots\" content=\"index, follow, max-snippet:-1, max-image-preview:large, max-video-preview:-1\" \/>\n<link rel=\"canonical\" href=\"https:\/\/www.eslingasyembalajes.com\/trincajes\/\" \/>\n<meta property=\"og:locale\" content=\"en_US\" \/>\n<meta property=\"og:type\" content=\"article\" \/>\n<meta property=\"og:title\" content=\"Trincajes y amarres para fijaci\u00f3n y sujecci\u00f3n de cargas - Trincaje de carga\" \/>\n<meta property=\"og:description\" content=\"Ofrecemos los mejores trincajes y sistemas de amarre para sujecci\u00f3n de cargas al mejor precio para fijaci\u00f3n de cargas pesadas, vendemos a toda Espa\u00f1a\" \/>\n<meta property=\"og:url\" content=\"https:\/\/www.eslingasyembalajes.com\/trincajes\/\" \/>\n<meta property=\"og:site_name\" content=\"Eslingas y embalajes\" \/>\n<meta property=\"article:modified_time\" content=\"2017-01-23T17:10:08+00:00\" \/>\n<meta name=\"twitter:card\" content=\"summary_large_image\" \/>\n<meta name=\"twitter:label1\" content=\"Est. reading time\" \/>\n\t<meta name=\"twitter:data1\" content=\"2 minutes\" \/>\n<script type=\"application\/ld+json\" class=\"yoast-schema-graph\">{\"@context\":\"https:\/\/schema.org\",\"@graph\":[{\"@type\":\"WebPage\",\"@id\":\"https:\/\/www.eslingasyembalajes.com\/trincajes\/\",\"url\":\"https:\/\/www.eslingasyembalajes.com\/trincajes\/\",\"name\":\"Trincajes y amarres para fijaci\u00f3n y sujecci\u00f3n de cargas - Trincaje de carga\",\"isPartOf\":{\"@id\":\"https:\/\/www.eslingasyembalajes.com\/#website\"},\"datePublished\":\"2016-07-19T14:45:41+00:00\",\"dateModified\":\"2017-01-23T17:10:08+00:00\",\"description\":\"Ofrecemos los mejores trincajes y sistemas de amarre para sujecci\u00f3n de cargas al mejor precio para fijaci\u00f3n de cargas pesadas, vendemos a toda Espa\u00f1a\",\"breadcrumb\":{\"@id\":\"https:\/\/www.eslingasyembalajes.com\/trincajes\/#breadcrumb\"},\"inLanguage\":\"en-US\",\"potentialAction\":[{\"@type\":\"ReadAction\",\"target\":[\"https:\/\/www.eslingasyembalajes.com\/trincajes\/\"]}]},{\"@type\":\"BreadcrumbList\",\"@id\":\"https:\/\/www.eslingasyembalajes.com\/trincajes\/#breadcrumb\",\"itemListElement\":[{\"@type\":\"ListItem\",\"position\":1,\"name\":\"Portada\",\"item\":\"https:\/\/www.eslingasyembalajes.com\/\"},{\"@type\":\"ListItem\",\"position\":2,\"name\":\"Lashing systems\"}]},{\"@type\":\"WebSite\",\"@id\":\"https:\/\/www.eslingasyembalajes.com\/#website\",\"url\":\"https:\/\/www.eslingasyembalajes.com\/\",\"name\":\"Eslingas y embalajes\",\"description\":\"\",\"potentialAction\":[{\"@type\":\"SearchAction\",\"target\":{\"@type\":\"EntryPoint\",\"urlTemplate\":\"https:\/\/www.eslingasyembalajes.com\/?s={search_term_string}\"},\"query-input\":{\"@type\":\"PropertyValueSpecification\",\"valueRequired\":true,\"valueName\":\"search_term_string\"}}],\"inLanguage\":\"en-US\"}]}<\/script>\n<!-- \/ Yoast SEO plugin. -->","yoast_head_json":{"title":"Trincajes y amarres para fijaci\u00f3n y sujecci\u00f3n de cargas - Trincaje de carga","description":"Ofrecemos los mejores trincajes y sistemas de amarre para sujecci\u00f3n de cargas al mejor precio para fijaci\u00f3n de cargas pesadas, vendemos a toda Espa\u00f1a","robots":{"index":"index","follow":"follow","max-snippet":"max-snippet:-1","max-image-preview":"max-image-preview:large","max-video-preview":"max-video-preview:-1"},"canonical":"https:\/\/www.eslingasyembalajes.com\/trincajes\/","og_locale":"en_US","og_type":"article","og_title":"Trincajes y amarres para fijaci\u00f3n y sujecci\u00f3n de cargas - Trincaje de carga","og_description":"Ofrecemos los mejores trincajes y sistemas de amarre para sujecci\u00f3n de cargas al mejor precio para fijaci\u00f3n de cargas pesadas, vendemos a toda Espa\u00f1a","og_url":"https:\/\/www.eslingasyembalajes.com\/trincajes\/","og_site_name":"Eslingas y embalajes","article_modified_time":"2017-01-23T17:10:08+00:00","twitter_card":"summary_large_image","twitter_misc":{"Est. reading time":"2 minutes"},"schema":{"@context":"https:\/\/schema.org","@graph":[{"@type":"WebPage","@id":"https:\/\/www.eslingasyembalajes.com\/trincajes\/","url":"https:\/\/www.eslingasyembalajes.com\/trincajes\/","name":"Trincajes y amarres para fijaci\u00f3n y sujecci\u00f3n de cargas - Trincaje de carga","isPartOf":{"@id":"https:\/\/www.eslingasyembalajes.com\/#website"},"datePublished":"2016-07-19T14:45:41+00:00","dateModified":"2017-01-23T17:10:08+00:00","description":"Ofrecemos los mejores trincajes y sistemas de amarre para sujecci\u00f3n de cargas al mejor precio para fijaci\u00f3n de cargas pesadas, vendemos a toda Espa\u00f1a","breadcrumb":{"@id":"https:\/\/www.eslingasyembalajes.com\/trincajes\/#breadcrumb"},"inLanguage":"en-US","potentialAction":[{"@type":"ReadAction","target":["https:\/\/www.eslingasyembalajes.com\/trincajes\/"]}]},{"@type":"BreadcrumbList","@id":"https:\/\/www.eslingasyembalajes.com\/trincajes\/#breadcrumb","itemListElement":[{"@type":"ListItem","position":1,"name":"Portada","item":"https:\/\/www.eslingasyembalajes.com\/"},{"@type":"ListItem","position":2,"name":"Lashing systems"}]},{"@type":"WebSite","@id":"https:\/\/www.eslingasyembalajes.com\/#website","url":"https:\/\/www.eslingasyembalajes.com\/","name":"Eslingas y embalajes","description":"","potentialAction":[{"@type":"SearchAction","target":{"@type":"EntryPoint","urlTemplate":"https:\/\/www.eslingasyembalajes.com\/?s={search_term_string}"},"query-input":{"@type":"PropertyValueSpecification","valueRequired":true,"valueName":"search_term_string"}}],"inLanguage":"en-US"}]}},"_links":{"self":[{"href":"https:\/\/www.eslingasyembalajes.com\/en\/wp-json\/wp\/v2\/pages\/856","targetHints":{"allow":["GET"]}}],"collection":[{"href":"https:\/\/www.eslingasyembalajes.com\/en\/wp-json\/wp\/v2\/pages"}],"about":[{"href":"https:\/\/www.eslingasyembalajes.com\/en\/wp-json\/wp\/v2\/types\/page"}],"author":[{"embeddable":true,"href":"https:\/\/www.eslingasyembalajes.com\/en\/wp-json\/wp\/v2\/users\/14"}],"replies":[{"embeddable":true,"href":"https:\/\/www.eslingasyembalajes.com\/en\/wp-json\/wp\/v2\/comments?post=856"}],"version-history":[{"count":2,"href":"https:\/\/www.eslingasyembalajes.com\/en\/wp-json\/wp\/v2\/pages\/856\/revisions"}],"predecessor-version":[{"id":858,"href":"https:\/\/www.eslingasyembalajes.com\/en\/wp-json\/wp\/v2\/pages\/856\/revisions\/858"}],"wp:attachment":[{"href":"https:\/\/www.eslingasyembalajes.com\/en\/wp-json\/wp\/v2\/media?parent=856"}],"curies":[{"name":"wp","href":"https:\/\/api.w.org\/{rel}","templated":true}]}}