{"id":854,"date":"2015-02-20T15:33:54","date_gmt":"2015-02-20T15:33:54","guid":{"rendered":"http:\/\/www.eslingasyembalajes.com\/en\/empresas\/"},"modified":"2017-01-23T18:04:10","modified_gmt":"2017-01-23T18:04:10","slug":"wholesale","status":"publish","type":"page","link":"https:\/\/www.eslingasyembalajes.com\/en\/wholesale\/","title":{"rendered":"Wholesale"},"content":{"rendered":"<p>[vc_row css=&#8221;.vc_custom_1424541127682{margin-bottom: 0px !important;}&#8221;][vc_column]<div id=\"ultimate-heading-41956a096a4cd928f\" class=\"uvc-heading ult-adjust-bottom-margin ultimate-heading-41956a096a4cd928f uvc-9833 \" data-hspacer=\"no_spacer\"  data-halign=\"center\" style=\"text-align:center\"><div class=\"uvc-heading-spacer no_spacer\" style=\"top\"><\/div><div class=\"uvc-main-heading ult-responsive\"  data-ultimate-target='.uvc-heading.ultimate-heading-41956a096a4cd928f h2'  data-responsive-json-new='{\"font-size\":\"\",\"line-height\":\"\"}' ><h2 style=\"font-weight:normal;\">Wholesale<\/h2><\/div><\/div><div class=\"ult-spacer spacer-6a096a4cd92c5\" data-id=\"6a096a4cd92c5\" data-height=\"20\" data-height-mobile=\"20\" data-height-tab=\"20\" data-height-tab-portrait=\"20\" data-height-mobile-landscape=\"20\" style=\"clear:both;display:block;\"><\/div>[vc_column_text css=&#8221;.vc_custom_1485194636278{margin-bottom: 0px !important;}&#8221;]<\/p>\n<p style=\"text-align: justify;\">At Eslingas y Embalajes we are setting out on a new stage by offering our products in small quantities and for individual use and without minimum purchases, but we continue working for companies and at wholesale.<\/p>\n<p style=\"text-align: justify;\">We offer all of our professional experience to those companies that need to fasten, lash and\/or lift different materials. We are manufacturers and we can produce custom made products, adapting to your requirements, delivering in the shortest possible time and with the best quality.<\/p>\n<p style=\"text-align: justify;\">Please contact us and we will provide you with a free quotation.<\/p>\n<p>[\/vc_column_text]<div class=\"ult-spacer spacer-6a096a4cd92dd\" data-id=\"6a096a4cd92dd\" data-height=\"20\" data-height-mobile=\"20\" data-height-tab=\"20\" data-height-tab-portrait=\"20\" data-height-mobile-landscape=\"20\" style=\"clear:both;display:block;\"><\/div>[\/vc_column][\/vc_row][vc_row css=&#8221;.vc_custom_1424541113946{margin-bottom: 0px !important;}&#8221;][vc_column][vc_gallery interval=&#8221;3&#8243; images=&#8221;509&#8243; img_size=&#8221;full&#8221;][\/vc_column][\/vc_row]<\/p>\n","protected":false},"excerpt":{"rendered":"<p>[vc_row css=&#8221;.vc_custom_1424541127682{margin-bottom: 0px !important;}&#8221;][vc_column][vc_column_text css=&#8221;.vc_custom_1485194636278{margin-bottom: 0px !important;}&#8221;] At Eslingas y Embalajes we are setting out on a new stage by offering our products in small quantities and for individual use and without minimum purchases, but we continue working for companies and at wholesale. We offer all of our professional experience to those companies that need [&hellip;]<\/p>\n","protected":false},"author":14,"featured_media":0,"parent":0,"menu_order":0,"comment_status":"open","ping_status":"open","template":"","meta":{"footnotes":""},"class_list":["post-854","page","type-page","status-publish","hentry"],"yoast_head":"<!-- This site is optimized with the Yoast SEO plugin v26.1 - https:\/\/yoast.com\/wordpress\/plugins\/seo\/ -->\n<title>Wholesale | | - | Eslingas y embalajes<\/title>\n<meta name=\"description\" content=\"Eslingas y Embalajes SL ofrecemos las mejores eslingas textiles de un s\u00f3lo uso para elevaci\u00f3n de cargas al mejor precio, vendemos a toda Espa\u00f1a. Wholesale\" \/>\n<meta name=\"robots\" content=\"index, follow, max-snippet:-1, max-image-preview:large, max-video-preview:-1\" \/>\n<link rel=\"canonical\" href=\"https:\/\/www.eslingasyembalajes.com\/empresas\/\" \/>\n<meta property=\"og:locale\" content=\"en_US\" \/>\n<meta property=\"og:type\" content=\"article\" \/>\n<meta property=\"og:title\" content=\"Wholesale | | - | Eslingas y embalajes\" \/>\n<meta property=\"og:description\" content=\"Eslingas y Embalajes SL ofrecemos las mejores eslingas textiles de un s\u00f3lo uso para elevaci\u00f3n de cargas al mejor precio, vendemos a toda Espa\u00f1a. Wholesale\" \/>\n<meta property=\"og:url\" content=\"https:\/\/www.eslingasyembalajes.com\/empresas\/\" \/>\n<meta property=\"og:site_name\" content=\"Eslingas y embalajes\" \/>\n<meta property=\"article:modified_time\" content=\"2017-01-23T18:04:10+00:00\" \/>\n<meta name=\"twitter:card\" content=\"summary_large_image\" \/>\n<meta name=\"twitter:label1\" content=\"Est. reading time\" \/>\n\t<meta name=\"twitter:data1\" content=\"1 minute\" \/>\n<script type=\"application\/ld+json\" class=\"yoast-schema-graph\">{\"@context\":\"https:\/\/schema.org\",\"@graph\":[{\"@type\":\"WebPage\",\"@id\":\"https:\/\/www.eslingasyembalajes.com\/empresas\/\",\"url\":\"https:\/\/www.eslingasyembalajes.com\/empresas\/\",\"name\":\"Wholesale | | - | Eslingas y embalajes\",\"isPartOf\":{\"@id\":\"https:\/\/www.eslingasyembalajes.com\/#website\"},\"datePublished\":\"2015-02-20T15:33:54+00:00\",\"dateModified\":\"2017-01-23T18:04:10+00:00\",\"description\":\"Eslingas y Embalajes SL ofrecemos las mejores eslingas textiles de un s\u00f3lo uso para elevaci\u00f3n de cargas al mejor precio, vendemos a toda Espa\u00f1a. Wholesale\",\"breadcrumb\":{\"@id\":\"https:\/\/www.eslingasyembalajes.com\/empresas\/#breadcrumb\"},\"inLanguage\":\"en-US\",\"potentialAction\":[{\"@type\":\"ReadAction\",\"target\":[\"https:\/\/www.eslingasyembalajes.com\/empresas\/\"]}]},{\"@type\":\"BreadcrumbList\",\"@id\":\"https:\/\/www.eslingasyembalajes.com\/empresas\/#breadcrumb\",\"itemListElement\":[{\"@type\":\"ListItem\",\"position\":1,\"name\":\"Portada\",\"item\":\"https:\/\/www.eslingasyembalajes.com\/\"},{\"@type\":\"ListItem\",\"position\":2,\"name\":\"Wholesale\"}]},{\"@type\":\"WebSite\",\"@id\":\"https:\/\/www.eslingasyembalajes.com\/#website\",\"url\":\"https:\/\/www.eslingasyembalajes.com\/\",\"name\":\"Eslingas y embalajes\",\"description\":\"\",\"potentialAction\":[{\"@type\":\"SearchAction\",\"target\":{\"@type\":\"EntryPoint\",\"urlTemplate\":\"https:\/\/www.eslingasyembalajes.com\/?s={search_term_string}\"},\"query-input\":{\"@type\":\"PropertyValueSpecification\",\"valueRequired\":true,\"valueName\":\"search_term_string\"}}],\"inLanguage\":\"en-US\"}]}<\/script>\n<!-- \/ Yoast SEO plugin. -->","yoast_head_json":{"title":"Wholesale | | - | Eslingas y embalajes","description":"Eslingas y Embalajes SL ofrecemos las mejores eslingas textiles de un s\u00f3lo uso para elevaci\u00f3n de cargas al mejor precio, vendemos a toda Espa\u00f1a. Wholesale","robots":{"index":"index","follow":"follow","max-snippet":"max-snippet:-1","max-image-preview":"max-image-preview:large","max-video-preview":"max-video-preview:-1"},"canonical":"https:\/\/www.eslingasyembalajes.com\/empresas\/","og_locale":"en_US","og_type":"article","og_title":"Wholesale | | - | Eslingas y embalajes","og_description":"Eslingas y Embalajes SL ofrecemos las mejores eslingas textiles de un s\u00f3lo uso para elevaci\u00f3n de cargas al mejor precio, vendemos a toda Espa\u00f1a. Wholesale","og_url":"https:\/\/www.eslingasyembalajes.com\/empresas\/","og_site_name":"Eslingas y embalajes","article_modified_time":"2017-01-23T18:04:10+00:00","twitter_card":"summary_large_image","twitter_misc":{"Est. reading time":"1 minute"},"schema":{"@context":"https:\/\/schema.org","@graph":[{"@type":"WebPage","@id":"https:\/\/www.eslingasyembalajes.com\/empresas\/","url":"https:\/\/www.eslingasyembalajes.com\/empresas\/","name":"Wholesale | | - | Eslingas y embalajes","isPartOf":{"@id":"https:\/\/www.eslingasyembalajes.com\/#website"},"datePublished":"2015-02-20T15:33:54+00:00","dateModified":"2017-01-23T18:04:10+00:00","description":"Eslingas y Embalajes SL ofrecemos las mejores eslingas textiles de un s\u00f3lo uso para elevaci\u00f3n de cargas al mejor precio, vendemos a toda Espa\u00f1a. Wholesale","breadcrumb":{"@id":"https:\/\/www.eslingasyembalajes.com\/empresas\/#breadcrumb"},"inLanguage":"en-US","potentialAction":[{"@type":"ReadAction","target":["https:\/\/www.eslingasyembalajes.com\/empresas\/"]}]},{"@type":"BreadcrumbList","@id":"https:\/\/www.eslingasyembalajes.com\/empresas\/#breadcrumb","itemListElement":[{"@type":"ListItem","position":1,"name":"Portada","item":"https:\/\/www.eslingasyembalajes.com\/"},{"@type":"ListItem","position":2,"name":"Wholesale"}]},{"@type":"WebSite","@id":"https:\/\/www.eslingasyembalajes.com\/#website","url":"https:\/\/www.eslingasyembalajes.com\/","name":"Eslingas y embalajes","description":"","potentialAction":[{"@type":"SearchAction","target":{"@type":"EntryPoint","urlTemplate":"https:\/\/www.eslingasyembalajes.com\/?s={search_term_string}"},"query-input":{"@type":"PropertyValueSpecification","valueRequired":true,"valueName":"search_term_string"}}],"inLanguage":"en-US"}]}},"_links":{"self":[{"href":"https:\/\/www.eslingasyembalajes.com\/en\/wp-json\/wp\/v2\/pages\/854","targetHints":{"allow":["GET"]}}],"collection":[{"href":"https:\/\/www.eslingasyembalajes.com\/en\/wp-json\/wp\/v2\/pages"}],"about":[{"href":"https:\/\/www.eslingasyembalajes.com\/en\/wp-json\/wp\/v2\/types\/page"}],"author":[{"embeddable":true,"href":"https:\/\/www.eslingasyembalajes.com\/en\/wp-json\/wp\/v2\/users\/14"}],"replies":[{"embeddable":true,"href":"https:\/\/www.eslingasyembalajes.com\/en\/wp-json\/wp\/v2\/comments?post=854"}],"version-history":[{"count":3,"href":"https:\/\/www.eslingasyembalajes.com\/en\/wp-json\/wp\/v2\/pages\/854\/revisions"}],"predecessor-version":[{"id":886,"href":"https:\/\/www.eslingasyembalajes.com\/en\/wp-json\/wp\/v2\/pages\/854\/revisions\/886"}],"wp:attachment":[{"href":"https:\/\/www.eslingasyembalajes.com\/en\/wp-json\/wp\/v2\/media?parent=854"}],"curies":[{"name":"wp","href":"https:\/\/api.w.org\/{rel}","templated":true}]}}